{"id":812,"date":"2025-12-18T16:55:57","date_gmt":"2025-12-18T15:55:57","guid":{"rendered":"https:\/\/emiliearduini.fr\/?page_id=812"},"modified":"2025-12-19T15:46:37","modified_gmt":"2025-12-19T14:46:37","slug":"les-vagues-de-letre","status":"publish","type":"page","link":"https:\/\/emiliearduini.fr\/index.php\/les-vagues-de-letre\/","title":{"rendered":"Les vagues de l&#8217;\u00eatre &#8211; Rituel Rebozo"},"content":{"rendered":"\t\t<div data-elementor-type=\"wp-page\" data-elementor-id=\"812\" class=\"elementor elementor-812\">\n\t\t\t\t<div class=\"elementor-element elementor-element-36b636a e-flex e-con-boxed e-con e-parent\" data-id=\"36b636a\" data-element_type=\"container\">\n\t\t\t\t\t<div class=\"e-con-inner\">\n\t\t\t\t<div class=\"elementor-element elementor-element-102bb81e elementor-widget elementor-widget-text-editor\" data-id=\"102bb81e\" data-element_type=\"widget\" data-widget_type=\"text-editor.default\">\n\t\t\t\t<div class=\"elementor-widget-container\">\n\t\t\t<style>\/*! elementor - v3.21.0 - 30-04-2024 *\/\n.elementor-widget-text-editor.elementor-drop-cap-view-stacked .elementor-drop-cap{background-color:#69727d;color:#fff}.elementor-widget-text-editor.elementor-drop-cap-view-framed .elementor-drop-cap{color:#69727d;border:3px solid;background-color:transparent}.elementor-widget-text-editor:not(.elementor-drop-cap-view-default) .elementor-drop-cap{margin-top:8px}.elementor-widget-text-editor:not(.elementor-drop-cap-view-default) .elementor-drop-cap-letter{width:1em;height:1em}.elementor-widget-text-editor .elementor-drop-cap{float:left;text-align:center;line-height:1;font-size:50px}.elementor-widget-text-editor .elementor-drop-cap-letter{display:inline-block}<\/style>\t\t\t\t<h2>\u00a0<\/h2>\n<h2><img fetchpriority=\"high\" decoding=\"async\" class=\"size-medium wp-image-866 aligncenter\" src=\"http:\/\/emiliearduini.fr\/wp-content\/uploads\/2025\/12\/DSC06602-1-300x200.jpg\" alt=\"rituel rebozo 22\" width=\"300\" height=\"200\" srcset=\"https:\/\/emiliearduini.fr\/wp-content\/uploads\/2025\/12\/DSC06602-1-300x200.jpg 300w, https:\/\/emiliearduini.fr\/wp-content\/uploads\/2025\/12\/DSC06602-1-1024x683.jpg 1024w, https:\/\/emiliearduini.fr\/wp-content\/uploads\/2025\/12\/DSC06602-1-768x512.jpg 768w, https:\/\/emiliearduini.fr\/wp-content\/uploads\/2025\/12\/DSC06602-1-1536x1024.jpg 1536w, https:\/\/emiliearduini.fr\/wp-content\/uploads\/2025\/12\/DSC06602-1-2048x1365.jpg 2048w, https:\/\/emiliearduini.fr\/wp-content\/uploads\/2025\/12\/DSC06602-1-600x400.jpg 600w\" sizes=\"(max-width: 300px) 100vw, 300px\" \/><\/h2>\n<h2 class=\"wp-block-heading\" style=\"padding-left: 40px;\"><span style=\"color: #e8acac;\">Les vagues de l&#8217;\u00eatre un soin Rebozo de passage et de renaissance<\/span><\/h2>\n<p><!-- \/wp:heading --><!-- wp:paragraph --><\/p>\n<p style=\"padding-left: 40px;\"><span style=\"color: #997070;\">Le <strong>rituel Rebozo<\/strong> est un soin traditionnel d\u2019origine mexicaine, pens\u00e9 comme un <strong>rite de passage<\/strong> d\u00e9di\u00e9 aux femmes.<\/span><br \/><span style=\"color: #997070;\">Je vous propose ce rituel <strong>\u00e0 votre domicile<\/strong>, accompagn\u00e9e de ma bin\u00f4me, dans un cadre intime, s\u00e9curisant et profond\u00e9ment respectueux de votre v\u00e9cu.<\/span><\/p>\n<p><span style=\"color: #997070;\"><!-- \/wp:paragraph --><!-- wp:paragraph --><\/span><\/p>\n<p style=\"padding-left: 40px;\"><span style=\"color: #997070;\">D\u2019une dur\u00e9e de <strong>3 heures<\/strong>, ce rituel est une parenth\u00e8se hors du temps, con\u00e7ue pour accompagner les grandes transitions de la vie : post-partum, changement de cycle, deuil, s\u00e9paration, renaissance personnelle ou simple besoin de recentrage.<\/span><\/p>\n<p><!-- \/wp:paragraph --><!-- wp:separator --><\/p>\n<hr class=\"wp-block-separator has-alpha-channel-opacity\" \/>\n<p><!-- \/wp:separator --><!-- wp:heading --><\/p>\n<h2 class=\"wp-block-heading\" style=\"padding-left: 40px;\"><span style=\"color: #e8acac;\">Un rituel pour honorer votre corps et votre histoire<\/span><\/h2>\n<p><!-- \/wp:heading --><!-- wp:paragraph --><\/p>\n<p style=\"padding-left: 40px;\"><span style=\"color: #997070;\">Le rituel Rebozo est un soin <strong>profond, enveloppant et symbolique<\/strong>, qui agit \u00e0 la fois sur le corps, les \u00e9motions et l\u2019ancrage int\u00e9rieur.<\/span><\/p>\n<p><span style=\"color: #997070;\"><!-- \/wp:paragraph --><!-- wp:paragraph --><\/span><\/p>\n<p style=\"padding-left: 40px;\"><span style=\"color: #997070;\">Il se d\u00e9roule en plusieurs temps :<\/span><\/p>\n<ul>\n<li style=\"list-style-type: none;\">\n<ul>\n<li style=\"list-style-type: none;\">\n<ul>\n<li><span style=\"color: #997070;\">un espace d\u2019\u00e9change et de pr\u00e9sence<\/span><\/li>\n<li><span style=\"color: #997070;\">un massage \u00e0 4 mains d&#8217;1h<\/span><\/li>\n<li><span style=\"color: #997070;\"><!-- \/wp:paragraph --><!-- wp:list --><\/span><span style=\"color: #997070;\">un temps de mise en chaleur du corps (tente de sudation, bain de pied, bain relaxant aux huiles et aux plantes)<\/span><\/li>\n<li><span style=\"color: #997070;\">un resserrage et desserrage du corps \u00e0 l\u2019aide des tissus Rebozo pendant 1h\u00a0<\/span><\/li>\n<li><span style=\"color: #997070;\">un accompagnement doux et contenant, dans le respect de votre rythme<\/span><\/li>\n<\/ul>\n<\/li>\n<\/ul>\n<\/li>\n<\/ul>\n<ul class=\"wp-block-list\">\n<li style=\"list-style-type: none;\">\n<ul class=\"wp-block-list\"><!-- wp:list-item --><\/ul>\n<\/li>\n<\/ul>\n<p style=\"padding-left: 40px;\"><span style=\"color: #997070;\">Chaque rituel est <strong>unique<\/strong>, enti\u00e8rement adapt\u00e9 \u00e0 votre histoire, \u00e0 votre corps et \u00e0 ce que vous traversez.<\/span><\/p>\n<p><span style=\"color: #997070;\"><!-- \/wp:list-item --><!-- wp:list-item --><\/span><\/p>\n<ul class=\"wp-block-list\">\n<li style=\"list-style-type: none;\">\u00a0<\/li>\n<\/ul>\n<p><span style=\"color: #997070;\"><!-- \/wp:list-item --><!-- wp:list-item --><\/span><\/p>\n<p><!-- \/wp:paragraph --><!-- wp:separator --><\/p>\n<hr class=\"wp-block-separator has-alpha-channel-opacity\" \/>\n<p><!-- \/wp:separator --><!-- wp:heading --><\/p>\n<h2 class=\"wp-block-heading\" style=\"padding-left: 40px;\"><span style=\"color: #e8acac;\">Les bienfaits du rituel Rebozo<\/span><\/h2>\n<p><!-- \/wp:heading --><!-- wp:paragraph --><\/p>\n<p style=\"padding-left: 40px;\"><span style=\"color: #997070;\"><strong>Marquer une \u00e9tape de vie<\/strong><\/span><br \/><span style=\"color: #997070;\">Ce rituel permet de cl\u00f4turer un chapitre et d\u2019en ouvrir un nouveau, en conscience.<\/span><\/p>\n<p style=\"padding-left: 40px;\"><span style=\"color: #997070;\"><strong>Resserrer et contenir le corps<\/strong><\/span><br \/><span style=\"color: #997070;\">Apr\u00e8s une grossesse, un accouchement ou une p\u00e9riode de transformation, le corps retrouve une sensation d\u2019unit\u00e9 et de s\u00e9curit\u00e9.<\/span><\/p>\n<p><span style=\"color: #997070;\"><!-- \/wp:paragraph --><!-- wp:paragraph --><\/span><\/p>\n<p><span style=\"color: #997070;\"><!-- \/wp:paragraph --><!-- wp:paragraph --><\/span><\/p>\n<p style=\"padding-left: 40px;\"><span style=\"color: #997070;\"><strong>Apaiser les \u00e9motions<\/strong><\/span><br \/><span style=\"color: #997070;\">Le rituel offre un espace pour d\u00e9poser, rel\u00e2cher et accueillir ce qui a besoin de l\u2019\u00eatre.<\/span><\/p>\n<p><span style=\"color: #997070;\"><!-- \/wp:paragraph --><!-- wp:paragraph --><\/span><\/p>\n<p style=\"padding-left: 40px;\"><span style=\"color: #997070;\"><strong>Favoriser l\u2019ancrage et la reconnexion \u00e0 soi<\/strong><\/span><br \/><span style=\"color: #997070;\">Vous repartez avec une sensation de centrage, de stabilit\u00e9 et de clart\u00e9 int\u00e9rieure.<\/span><\/p>\n<p><span style=\"color: #997070;\"><!-- \/wp:paragraph --><!-- wp:paragraph --><\/span><\/p>\n<p style=\"padding-left: 40px;\"><span style=\"color: #997070;\"><strong>Soutenir le post-partum et les grandes transitions f\u00e9minines<\/strong><\/span><br \/><span style=\"color: #997070;\">Le rituel Rebozo est particuli\u00e8rement pr\u00e9cieux apr\u00e8s une naissance, mais aussi \u00e0 tout moment de la vie d\u2019une femme.<\/span><\/p>\n<p><!-- \/wp:paragraph --><!-- wp:separator --><\/p>\n<hr class=\"wp-block-separator has-alpha-channel-opacity\" \/>\n<p><!-- \/wp:separator --><!-- wp:heading --><\/p>\n<h2 class=\"wp-block-heading\" style=\"padding-left: 40px;\"><span style=\"color: #e8acac;\">\u00c0 qui s\u2019adresse ce rituel ?<\/span><\/h2>\n<p><!-- \/wp:heading --><!-- wp:paragraph --><\/p>\n<ul>\n<li style=\"list-style-type: none;\">\n<ul>\n<li style=\"list-style-type: none;\">\n<ul>\n<li><span style=\"color: #997070;\">Le rituel Rebozo s\u2019adresse \u00e0 vous si vous ressentez le besoin de :<\/span><\/li>\n<li><span style=\"color: #997070;\">marquer la fin ou le d\u00e9but d\u2019une \u00e9tape de vie<\/span><\/li>\n<li><span style=\"color: #997070;\"><!-- \/wp:paragraph --><!-- wp:list --><\/span><span style=\"color: #997070;\">vous r\u00e9approprier votre corps apr\u00e8s une grossesse ou un accouchement<\/span><\/li>\n<li><span style=\"color: #997070;\">vivre un moment profond, symbolique et r\u00e9parateur<\/span><\/li>\n<li><span style=\"color: #997070;\">\u00eatre entour\u00e9e et soutenue dans une p\u00e9riode sensible<\/span><\/li>\n<\/ul>\n<\/li>\n<\/ul>\n<\/li>\n<\/ul>\n<ul class=\"wp-block-list\">\n<li style=\"list-style-type: none;\">\n<ul class=\"wp-block-list\"><!-- wp:list-item --><\/ul>\n<\/li>\n<\/ul>\n<p><span style=\"color: #997070;\"><!-- \/wp:list-item --><!-- wp:list-item --><\/span><\/p>\n<p><span style=\"color: #997070;\"><!-- \/wp:list-item --><!-- wp:list-item --><\/span><\/p>\n<p><span style=\"color: #997070;\"><!-- \/wp:list-item --><!-- wp:list-item --><\/span><\/p>\n<p style=\"padding-left: 40px;\"><span style=\"color: #997070;\">Il peut \u00eatre v\u00e9cu :<\/span><\/p>\n<p><span style=\"color: #997070;\"><!-- \/wp:paragraph --><!-- wp:list --><\/span><\/p>\n<ul class=\"wp-block-list\">\n<li style=\"list-style-type: none;\">\n<ul class=\"wp-block-list\"><!-- wp:list-item --><\/ul>\n<\/li>\n<\/ul>\n<ul>\n<li style=\"list-style-type: none;\">\n<ul>\n<li style=\"list-style-type: none;\">\n<ul>\n<li><span style=\"color: #997070;\">en <strong>post-partum<\/strong> (2 mois apr\u00e8s l&#8217;accouchement<\/span><\/li>\n<li><span style=\"color: #997070;\">lors d\u2019un <strong>changement de vie<\/strong> (deuil, s\u00e9paration, reconversion, transition personnelle)<\/span><\/li>\n<li><span style=\"color: #997070;\">ou simplement lorsque vous ressentez l\u2019appel de ce rituel<\/span><!-- \/wp:list-item --><!-- wp:list-item --><\/li>\n<\/ul>\n<\/li>\n<\/ul>\n<\/li>\n<\/ul>\n<p><!-- \/wp:list-item --><!-- wp:list-item --><\/p>\n<p><!-- \/wp:list-item --><\/p>\n<p><!-- \/wp:list --><!-- wp:separator --><\/p>\n<hr class=\"wp-block-separator has-alpha-channel-opacity\" \/>\n<p><!-- \/wp:separator --><!-- wp:heading --><\/p>\n<h2 class=\"wp-block-heading\" style=\"padding-left: 40px;\"><span style=\"color: #e8acac;\">Contre-indications<\/span><\/h2>\n<p><!-- \/wp:heading --><!-- wp:paragraph --><\/p>\n<p style=\"padding-left: 40px;\"><span style=\"color: #997070;\">Par pr\u00e9caution, le rituel Rebozo est <strong>d\u00e9conseill\u00e9<\/strong> en cas de :<\/span><\/p>\n<ul>\n<li style=\"list-style-type: none;\">\n<ul>\n<li style=\"list-style-type: none;\">\n<ul>\n<li><span style=\"color: #997070;\">grossesse en cours<\/span><\/li>\n<li><span style=\"color: #997070;\">accouchement tr\u00e8s r\u00e9cent (+\/- 2 mois)<\/span><\/li>\n<li><span style=\"color: #997070;\">fi\u00e8vre ou \u00e9tat inflammatoire aigu<\/span><\/li>\n<li><span style=\"color: #997070;\"><!-- \/wp:paragraph --><!-- wp:list --><\/span><span style=\"color: #997070;\">pathologie n\u00e9cessitant un avis m\u00e9dical pr\u00e9alable<\/span><\/li>\n<\/ul>\n<\/li>\n<\/ul>\n<\/li>\n<\/ul>\n<ul class=\"wp-block-list\">\n<li style=\"list-style-type: none;\">\n<ul class=\"wp-block-list\"><!-- wp:list-item --><\/ul>\n<\/li>\n<\/ul>\n<p><span style=\"color: #997070;\"><!-- \/wp:list-item --><!-- wp:list-item --><\/span><\/p>\n<p><span style=\"color: #997070;\"><!-- \/wp:list-item --><!-- wp:list-item --><\/span><\/p>\n<p><span style=\"color: #997070;\"><!-- \/wp:list-item --><!-- wp:list-item --><\/span><\/p>\n<p><span style=\"color: #997070;\"><!-- \/wp:list-item --><\/span><\/p>\n<p style=\"padding-left: 40px;\"><span style=\"color: #997070;\">En cas de doute, je vous invite \u00e0 me contacter afin d\u2019en discuter ensemble.<\/span><\/p>\n<p><!-- \/wp:paragraph --><!-- wp:separator --><\/p>\n<hr class=\"wp-block-separator has-alpha-channel-opacity\" \/>\n<p><!-- \/wp:separator --><!-- wp:heading --><\/p>\n<h2 class=\"wp-block-heading\" style=\"padding-left: 40px;\"><span style=\"color: #e8acac;\">Un rituel \u00e0 domicile en Bretagne (22 \/ 35)<\/span><\/h2>\n<p><!-- \/wp:heading --><!-- wp:paragraph --><\/p>\n<p style=\"padding-left: 40px;\"><span style=\"color: #997070;\">J\u2019interviens <strong>directement \u00e0 domicile<\/strong>, accompagn\u00e9e de ma bin\u00f4me, afin que vous puissiez vivre ce rituel dans votre cocon, sans d\u00e9placement ni contrainte.<\/span><\/p>\n<p><span style=\"color: #997070;\"><!-- \/wp:paragraph --><!-- wp:paragraph --><\/span><\/p>\n<p style=\"padding-left: 40px;\"><span style=\"color: #997070;\"><span style=\"color: #e8acac;\">Secteurs d\u2019intervention :<\/span><\/span><br \/><span style=\"color: #997070;\"><strong>C\u00f4tes-d\u2019Armor (22)<\/strong> et <strong>Ille-et-Vilaine (35), de Saint-Malo \u00e0 Dol de Bretagne<\/strong><\/span><\/p>\n<p><span style=\"color: #997070;\"><!-- \/wp:paragraph --><!-- wp:paragraph --><\/span><\/p>\n<p style=\"padding-left: 40px;\"><em><span style=\"color: #997070;\">Le fait de rester chez vous favorise l\u2019int\u00e9gration du soin et permet un repos imm\u00e9diat apr\u00e8s le rituel.<\/span><\/em><\/p>\n<p><span style=\"color: #997070;\"><!-- \/wp:paragraph --><!-- wp:separator --><\/span><\/p>\n<hr class=\"wp-block-separator has-alpha-channel-opacity\" \/>\n<p><!-- \/wp:separator --><!-- wp:heading --><\/p>\n<h2 class=\"wp-block-heading\" style=\"padding-left: 40px;\"><span style=\"color: #e8acac;\">Tarif du rituel Rebozo<\/span><\/h2>\n<p><span style=\"color: #e8acac;\"><!-- \/wp:heading --><!-- wp:paragraph --><\/span><\/p>\n<p style=\"padding-left: 40px;\"><span style=\"color: #997070;\"><strong>Rituel Rebozo \u00e0 4 mains \u2013 3 heures\/<\/strong><\/span><span style=\"color: #997070;\"><strong>350 \u20ac<\/strong><\/span><\/p>\n<p><span style=\"color: #997070;\"><!-- \/wp:paragraph --><!-- wp:paragraph --><\/span><\/p>\n<p style=\"padding-left: 40px;\"><span style=\"color: #997070;\">Des facilit\u00e9s de paiement peuvent \u00eatre propos\u00e9es sur demande.<\/span><\/p>\n<p><!-- \/wp:paragraph --><!-- wp:paragraph --><\/p>\n<p><!-- \/wp:paragraph --><\/p>\n<p>\u00a0<\/p>\t\t\t\t\t\t<\/div>\n\t\t\t\t<\/div>\n\t\t\t\t\t<\/div>\n\t\t\t\t<\/div>\n\t\t<div class=\"elementor-element elementor-element-6bbef91 e-flex e-con-boxed e-con e-parent\" data-id=\"6bbef91\" data-element_type=\"container\">\n\t\t\t\t\t<div class=\"e-con-inner\">\n\t\t\t\t<div class=\"elementor-element elementor-element-4fb4dea elementor-widget elementor-widget-image\" data-id=\"4fb4dea\" data-element_type=\"widget\" data-widget_type=\"image.default\">\n\t\t\t\t<div class=\"elementor-widget-container\">\n\t\t\t<style>\/*! elementor - v3.21.0 - 30-04-2024 *\/\n.elementor-widget-image{text-align:center}.elementor-widget-image a{display:inline-block}.elementor-widget-image a img[src$=\".svg\"]{width:48px}.elementor-widget-image img{vertical-align:middle;display:inline-block}<\/style>\t\t\t\t\t\t\t\t\t\t<img decoding=\"async\" width=\"683\" height=\"1024\" src=\"https:\/\/emiliearduini.fr\/wp-content\/uploads\/2025\/12\/DSC06443-683x1024.jpg\" class=\"attachment-large size-large wp-image-841\" alt=\"rituel rebozo saint-malo\" srcset=\"https:\/\/emiliearduini.fr\/wp-content\/uploads\/2025\/12\/DSC06443-683x1024.jpg 683w, https:\/\/emiliearduini.fr\/wp-content\/uploads\/2025\/12\/DSC06443-200x300.jpg 200w, https:\/\/emiliearduini.fr\/wp-content\/uploads\/2025\/12\/DSC06443-768x1152.jpg 768w, https:\/\/emiliearduini.fr\/wp-content\/uploads\/2025\/12\/DSC06443-1024x1536.jpg 1024w, https:\/\/emiliearduini.fr\/wp-content\/uploads\/2025\/12\/DSC06443-1365x2048.jpg 1365w, https:\/\/emiliearduini.fr\/wp-content\/uploads\/2025\/12\/DSC06443-600x900.jpg 600w, https:\/\/emiliearduini.fr\/wp-content\/uploads\/2025\/12\/DSC06443-scaled.jpg 1707w\" sizes=\"(max-width: 683px) 100vw, 683px\" \/>\t\t\t\t\t\t\t\t\t\t\t\t\t<\/div>\n\t\t\t\t<\/div>\n\t\t\t\t\t<\/div>\n\t\t\t\t<\/div>\n\t\t<div class=\"elementor-element elementor-element-8b890b0 e-flex e-con-boxed e-con e-parent\" data-id=\"8b890b0\" data-element_type=\"container\">\n\t\t\t\t\t<div class=\"e-con-inner\">\n\t\t\t\t<div class=\"elementor-element elementor-element-3f07690 elementor-widget elementor-widget-text-editor\" data-id=\"3f07690\" data-element_type=\"widget\" data-widget_type=\"text-editor.default\">\n\t\t\t\t<div class=\"elementor-widget-container\">\n\t\t\t\t\t\t\t<h6 style=\"padding-left: 440px;\"><em><span style=\"color: #997070;\">Credits photo @studiomamabloom<\/span><\/em><\/h6>\t\t\t\t\t\t<\/div>\n\t\t\t\t<\/div>\n\t\t\t\t\t<\/div>\n\t\t\t\t<\/div>\n\t\t\t\t<\/div>\n\t\t","protected":false},"excerpt":{"rendered":"<p>\u00a0 Les vagues de l&#8217;\u00eatre un soin Rebozo de passage et de renaissance Le rituel Rebozo est un soin traditionnel d\u2019origine mexicaine, pens\u00e9 comme un rite de passage d\u00e9di\u00e9 aux femmes.Je vous propose ce rituel \u00e0 votre domicile, accompagn\u00e9e de ma bin\u00f4me, dans un cadre intime, s\u00e9curisant et profond\u00e9ment respectueux de votre v\u00e9cu. D\u2019une dur\u00e9e [&hellip;]<\/p>\n","protected":false},"author":2,"featured_media":841,"parent":0,"menu_order":0,"comment_status":"closed","ping_status":"closed","template":"","meta":{"ocean_post_layout":"","ocean_both_sidebars_style":"","ocean_both_sidebars_content_width":0,"ocean_both_sidebars_sidebars_width":0,"ocean_sidebar":"","ocean_second_sidebar":"","ocean_disable_margins":"enable","ocean_add_body_class":"","ocean_shortcode_before_top_bar":"","ocean_shortcode_after_top_bar":"","ocean_shortcode_before_header":"","ocean_shortcode_after_header":"","ocean_has_shortcode":"","ocean_shortcode_after_title":"","ocean_shortcode_before_footer_widgets":"","ocean_shortcode_after_footer_widgets":"","ocean_shortcode_before_footer_bottom":"","ocean_shortcode_after_footer_bottom":"","ocean_display_top_bar":"default","ocean_display_header":"default","ocean_header_style":"","ocean_center_header_left_menu":"","ocean_custom_header_template":"","ocean_custom_logo":0,"ocean_custom_retina_logo":0,"ocean_custom_logo_max_width":0,"ocean_custom_logo_tablet_max_width":0,"ocean_custom_logo_mobile_max_width":0,"ocean_custom_logo_max_height":0,"ocean_custom_logo_tablet_max_height":0,"ocean_custom_logo_mobile_max_height":0,"ocean_header_custom_menu":"","ocean_menu_typo_font_family":"","ocean_menu_typo_font_subset":"","ocean_menu_typo_font_size":0,"ocean_menu_typo_font_size_tablet":0,"ocean_menu_typo_font_size_mobile":0,"ocean_menu_typo_font_size_unit":"px","ocean_menu_typo_font_weight":"","ocean_menu_typo_font_weight_tablet":"","ocean_menu_typo_font_weight_mobile":"","ocean_menu_typo_transform":"","ocean_menu_typo_transform_tablet":"","ocean_menu_typo_transform_mobile":"","ocean_menu_typo_line_height":0,"ocean_menu_typo_line_height_tablet":0,"ocean_menu_typo_line_height_mobile":0,"ocean_menu_typo_line_height_unit":"","ocean_menu_typo_spacing":0,"ocean_menu_typo_spacing_tablet":0,"ocean_menu_typo_spacing_mobile":0,"ocean_menu_typo_spacing_unit":"","ocean_menu_link_color":"","ocean_menu_link_color_hover":"","ocean_menu_link_color_active":"","ocean_menu_link_background":"","ocean_menu_link_hover_background":"","ocean_menu_link_active_background":"","ocean_menu_social_links_bg":"","ocean_menu_social_hover_links_bg":"","ocean_menu_social_links_color":"","ocean_menu_social_hover_links_color":"","ocean_disable_title":"default","ocean_disable_heading":"default","ocean_post_title":"","ocean_post_subheading":"","ocean_post_title_style":"","ocean_post_title_background_color":"","ocean_post_title_background":0,"ocean_post_title_bg_image_position":"","ocean_post_title_bg_image_attachment":"","ocean_post_title_bg_image_repeat":"","ocean_post_title_bg_image_size":"","ocean_post_title_height":0,"ocean_post_title_bg_overlay":0.5,"ocean_post_title_bg_overlay_color":"","ocean_disable_breadcrumbs":"default","ocean_breadcrumbs_color":"","ocean_breadcrumbs_separator_color":"","ocean_breadcrumbs_links_color":"","ocean_breadcrumbs_links_hover_color":"","ocean_display_footer_widgets":"default","ocean_display_footer_bottom":"default","ocean_custom_footer_template":"","footnotes":""},"class_list":["post-812","page","type-page","status-publish","has-post-thumbnail","hentry","entry","has-media","owp-thumbs-layout-horizontal","owp-btn-normal","owp-tabs-layout-horizontal","has-no-thumbnails","has-product-nav"],"_links":{"self":[{"href":"https:\/\/emiliearduini.fr\/index.php\/wp-json\/wp\/v2\/pages\/812","targetHints":{"allow":["GET"]}}],"collection":[{"href":"https:\/\/emiliearduini.fr\/index.php\/wp-json\/wp\/v2\/pages"}],"about":[{"href":"https:\/\/emiliearduini.fr\/index.php\/wp-json\/wp\/v2\/types\/page"}],"author":[{"embeddable":true,"href":"https:\/\/emiliearduini.fr\/index.php\/wp-json\/wp\/v2\/users\/2"}],"replies":[{"embeddable":true,"href":"https:\/\/emiliearduini.fr\/index.php\/wp-json\/wp\/v2\/comments?post=812"}],"version-history":[{"count":36,"href":"https:\/\/emiliearduini.fr\/index.php\/wp-json\/wp\/v2\/pages\/812\/revisions"}],"predecessor-version":[{"id":873,"href":"https:\/\/emiliearduini.fr\/index.php\/wp-json\/wp\/v2\/pages\/812\/revisions\/873"}],"wp:featuredmedia":[{"embeddable":true,"href":"https:\/\/emiliearduini.fr\/index.php\/wp-json\/wp\/v2\/media\/841"}],"wp:attachment":[{"href":"https:\/\/emiliearduini.fr\/index.php\/wp-json\/wp\/v2\/media?parent=812"}],"curies":[{"name":"wp","href":"https:\/\/api.w.org\/{rel}","templated":true}]}}