{"id":160,"date":"2024-04-24T13:26:40","date_gmt":"2024-04-24T11:26:40","guid":{"rendered":"https:\/\/emiliearduini.fr\/?page_id=160"},"modified":"2026-02-10T15:57:12","modified_gmt":"2026-02-10T14:57:12","slug":"atelier-de-massage-de-bebe","status":"publish","type":"page","link":"https:\/\/emiliearduini.fr\/index.php\/atelier-de-massage-de-bebe\/","title":{"rendered":"Ateliers de massage b\u00e9b\u00e9"},"content":{"rendered":"\t\t<div data-elementor-type=\"wp-page\" data-elementor-id=\"160\" class=\"elementor elementor-160\">\n\t\t\t\t<div class=\"elementor-element elementor-element-52908bfd e-flex e-con-boxed e-con e-parent\" data-id=\"52908bfd\" data-element_type=\"container\">\n\t\t\t\t\t<div class=\"e-con-inner\">\n\t\t\t\t<div class=\"elementor-element elementor-element-2e7b9c4b elementor-widget elementor-widget-text-editor\" data-id=\"2e7b9c4b\" data-element_type=\"widget\" data-widget_type=\"text-editor.default\">\n\t\t\t\t<div class=\"elementor-widget-container\">\n\t\t\t<style>\/*! elementor - v3.21.0 - 30-04-2024 *\/\n.elementor-widget-text-editor.elementor-drop-cap-view-stacked .elementor-drop-cap{background-color:#69727d;color:#fff}.elementor-widget-text-editor.elementor-drop-cap-view-framed .elementor-drop-cap{color:#69727d;border:3px solid;background-color:transparent}.elementor-widget-text-editor:not(.elementor-drop-cap-view-default) .elementor-drop-cap{margin-top:8px}.elementor-widget-text-editor:not(.elementor-drop-cap-view-default) .elementor-drop-cap-letter{width:1em;height:1em}.elementor-widget-text-editor .elementor-drop-cap{float:left;text-align:center;line-height:1;font-size:50px}.elementor-widget-text-editor .elementor-drop-cap-letter{display:inline-block}<\/style>\t\t\t\t<h2 data-start=\"268\" data-end=\"344\"><img fetchpriority=\"high\" decoding=\"async\" class=\"size-medium wp-image-897 aligncenter\" src=\"http:\/\/emiliearduini.fr\/wp-content\/uploads\/2025\/12\/Shooting-massage-bebe-et-portage-mai-2020-79_resized_20200820_105902738-300x199.jpg\" alt=\"massage b\u00e9b\u00e9 22\" width=\"300\" height=\"199\" srcset=\"https:\/\/emiliearduini.fr\/wp-content\/uploads\/2025\/12\/Shooting-massage-bebe-et-portage-mai-2020-79_resized_20200820_105902738-300x199.jpg 300w, https:\/\/emiliearduini.fr\/wp-content\/uploads\/2025\/12\/Shooting-massage-bebe-et-portage-mai-2020-79_resized_20200820_105902738-1024x681.jpg 1024w, https:\/\/emiliearduini.fr\/wp-content\/uploads\/2025\/12\/Shooting-massage-bebe-et-portage-mai-2020-79_resized_20200820_105902738-768x511.jpg 768w, https:\/\/emiliearduini.fr\/wp-content\/uploads\/2025\/12\/Shooting-massage-bebe-et-portage-mai-2020-79_resized_20200820_105902738-600x399.jpg 600w, https:\/\/emiliearduini.fr\/wp-content\/uploads\/2025\/12\/Shooting-massage-bebe-et-portage-mai-2020-79_resized_20200820_105902738.jpg 1504w\" sizes=\"(max-width: 300px) 100vw, 300px\" \/><\/h2><h2 data-start=\"268\" data-end=\"344\">\u00a0<\/h2><h2 style=\"padding-left: 40px;\" data-start=\"268\" data-end=\"344\"><span style=\"color: #e8acac;\">Ateliers de massage b\u00e9b\u00e9 \u2013 un temps de lien, de douceur et de pr\u00e9sence<\/span><\/h2><p style=\"padding-left: 40px;\" data-start=\"346\" data-end=\"636\"><span style=\"color: #997070;\">Le <strong data-start=\"349\" data-end=\"365\">massage b\u00e9b\u00e9<\/strong> est un moment privil\u00e9gi\u00e9 de rencontre, de communication et de lien entre le parent et son enfant.<\/span><br data-start=\"463\" data-end=\"466\" \/><span style=\"color: #997070;\">Je vous propose des <strong data-start=\"486\" data-end=\"525\">ateliers de massage b\u00e9b\u00e9 \u00e0 domicile<\/strong>, pens\u00e9s pour vous transmettre des gestes simples, respectueux et adapt\u00e9s \u00e0 l\u2019\u00e2ge et aux besoins de votre b\u00e9b\u00e9.<\/span><\/p><p style=\"padding-left: 40px;\" data-start=\"638\" data-end=\"867\"><span style=\"color: #997070;\">Lors de ces ateliers, <strong data-start=\"660\" data-end=\"705\">c\u2019est vous, parent, qui massez votre b\u00e9b\u00e9<\/strong>.<\/span><br data-start=\"706\" data-end=\"709\" \/><span style=\"color: #997070;\">Je suis pr\u00e9sente pour vous guider, vous expliquer les mouvements, vous accompagner avec bienveillance et vous permettre de vivre ce moment en toute confiance.<\/span><\/p><hr data-start=\"869\" data-end=\"872\" \/><h2 style=\"padding-left: 40px;\" data-start=\"874\" data-end=\"930\"><span style=\"color: #e8acac;\">Une approche respectueuse du rythme de chaque b\u00e9b\u00e9<\/span><\/h2><p style=\"padding-left: 40px;\" data-start=\"932\" data-end=\"983\"><span style=\"color: #997070;\">Chaque b\u00e9b\u00e9 est unique.<\/span><br data-start=\"955\" data-end=\"958\" \/><span style=\"color: #997070;\">Les ateliers s\u2019adaptent :<\/span><\/p><ul><li style=\"list-style-type: none;\"><ul><li style=\"list-style-type: none;\"><ul><li data-start=\"986\" data-end=\"995\"><span style=\"color: #997070;\">\u00e0 son \u00e2ge<\/span><\/li><li data-start=\"998\" data-end=\"1016\"><span style=\"color: #997070;\">\u00e0 son \u00e9tat du jour<\/span><\/li><li data-start=\"1019\" data-end=\"1060\"><span style=\"color: #997070;\">\u00e0 ses besoins (repos, mouvement, contact)<\/span><\/li><\/ul><\/li><\/ul><\/li><\/ul><p style=\"padding-left: 40px;\" data-start=\"1062\" data-end=\"1195\"><span style=\"color: #997070;\">Il n\u2019y a aucune obligation de \u201ctout faire\u201d. Le massage b\u00e9b\u00e9 est avant tout une <strong data-start=\"1141\" data-end=\"1166\">invitation \u00e0 l\u2019\u00e9coute<\/strong>, \u00e0 l\u2019observation et au lien.<\/span><\/p><hr data-start=\"1197\" data-end=\"1200\" \/><h2 style=\"padding-left: 40px;\" data-start=\"1202\" data-end=\"1236\"><span style=\"color: #e8acac;\">Les bienfaits du massage b\u00e9b\u00e9<\/span><\/h2><p style=\"padding-left: 40px;\" data-start=\"1238\" data-end=\"1370\"><span style=\"color: #997070;\"><strong data-start=\"1241\" data-end=\"1276\">Favoriser le lien d\u2019attachement<\/strong><\/span><br data-start=\"1276\" data-end=\"1279\" \/><span style=\"color: #997070;\">Le toucher bienveillant renforce la relation parent-b\u00e9b\u00e9 et soutient la s\u00e9curit\u00e9 affective.<\/span><\/p><p style=\"padding-left: 40px;\" data-start=\"1372\" data-end=\"1498\"><span style=\"color: #997070;\"><strong data-start=\"1375\" data-end=\"1406\">Apaiser et d\u00e9tendre le b\u00e9b\u00e9<\/strong><\/span><br data-start=\"1406\" data-end=\"1409\" \/><span style=\"color: #997070;\">Le massage aide \u00e0 rel\u00e2cher les tensions, \u00e0 calmer les pleurs et \u00e0 favoriser l\u2019apaisement.<\/span><\/p><p style=\"padding-left: 40px;\" data-start=\"1500\" data-end=\"1612\"><span style=\"color: #997070;\"><strong data-start=\"1503\" data-end=\"1526\">Soutenir le sommeil<\/strong><\/span><br data-start=\"1526\" data-end=\"1529\" \/><span style=\"color: #997070;\">Les massages r\u00e9guliers peuvent am\u00e9liorer l\u2019endormissement et la qualit\u00e9 du sommeil.<\/span><\/p><p style=\"padding-left: 40px;\" data-start=\"1500\" data-end=\"1612\"><span style=\"color: #997070;\"><strong data-start=\"1617\" data-end=\"1649\">Soulager certains inconforts<\/strong><\/span><br data-start=\"1649\" data-end=\"1652\" \/><span style=\"color: #997070;\">Ils peuvent accompagner les petits maux du quotidien (tensions, digestion, agitation).<\/span><\/p><p style=\"padding-left: 40px;\" data-start=\"1740\" data-end=\"1871\"><span style=\"color: #997070;\"><strong data-start=\"1743\" data-end=\"1777\">Redonner confiance aux parents<\/strong><\/span><br data-start=\"1777\" data-end=\"1780\" \/><span style=\"color: #997070;\">Apprendre \u00e0 masser son b\u00e9b\u00e9 permet de se sentir plus \u00e0 l\u2019aise dans les gestes du quotidien.<\/span><\/p><hr data-start=\"1873\" data-end=\"1876\" \/><h2 style=\"padding-left: 40px;\" data-start=\"1878\" data-end=\"1905\"><span style=\"color: #e8acac;\">Les ateliers propos\u00e9s<\/span><\/h2><h3 style=\"padding-left: 40px;\" data-start=\"1907\" data-end=\"1964\"><span style=\"color: #e8acac;\">Atelier massage b\u00e9b\u00e9 habill\u00e9 \/ massage contenant<\/span><\/h3><p style=\"padding-left: 40px;\" data-start=\"1965\" data-end=\"2033\"><span style=\"color: #997070;\"><strong data-start=\"1965\" data-end=\"1993\">Recommand\u00e9 de 0 \u00e0 3 mois<\/strong> (adapt\u00e9 \u00e0 tous les b\u00e9b\u00e9s)<\/span><br data-start=\"2019\" data-end=\"2022\" \/><span style=\"color: #997070;\"><strong>Tarif : 1h\/<\/strong><strong data-start=\"2025\" data-end=\"2033\">60 \u20ac<\/strong><\/span><\/p><p style=\"padding-left: 40px;\" data-start=\"2035\" data-end=\"2119\"><span style=\"color: #997070;\">Cet atelier est particuli\u00e8rement adapt\u00e9 aux tout-petits et aux premiers mois de vie.<\/span><\/p><ul><li style=\"list-style-type: none;\"><ul><li style=\"list-style-type: none;\"><ul><li><span style=\"color: #997070;\">Massage doux, habill\u00e9 et contenant<\/span><\/li><li><span style=\"color: #997070;\">Gestes rassurants et s\u00e9curisants<\/span><\/li><li><span style=\"color: #997070;\">Respect du rythme et des signaux du b\u00e9b\u00e9<\/span><\/li><li><span style=\"color: #997070;\">Id\u00e9al pour les b\u00e9b\u00e9s sensibles, tr\u00e8s jeunes ou ayant besoin de contenance<\/span><\/li><\/ul><\/li><\/ul><\/li><\/ul><p style=\"padding-left: 40px;\" data-start=\"2319\" data-end=\"2394\"><span style=\"color: #997070;\">Un atelier tout en douceur, centr\u00e9 sur la s\u00e9curit\u00e9 \u00e9motionnelle et le lien.<\/span><\/p><hr data-start=\"2396\" data-end=\"2399\" \/><h3 style=\"padding-left: 40px;\" data-start=\"2401\" data-end=\"2449\"><span style=\"color: #e8acac;\">Atelier massage b\u00e9b\u00e9 relaxant \u00e0 l\u2019huile<\/span><\/h3><p style=\"padding-left: 40px;\" data-start=\"2450\" data-end=\"2497\"><span style=\"color: #997070;\"><strong data-start=\"2450\" data-end=\"2483\">Recommand\u00e9 \u00e0 partir de 3 mois<\/strong><\/span><br data-start=\"2483\" data-end=\"2486\" \/><strong><span style=\"color: #997070;\">Tarif : 1h\/60 \u20ac<\/span><\/strong><\/p><p style=\"padding-left: 40px;\" data-start=\"2499\" data-end=\"2563\"><span style=\"color: #997070;\">Cet atelier permet d\u2019aller plus loin dans la d\u00e9tente corporelle.<\/span><\/p><ul><li style=\"list-style-type: none;\"><ul><li style=\"list-style-type: none;\"><ul><li><span style=\"color: #997070;\">Massage relaxant \u00e0 l\u2019huile.<\/span><\/li><li><span style=\"color: #997070;\">Gestes favorisant la relaxation et le bien-\u00eatre<\/span><\/li><li><span style=\"color: #997070;\">Moment de calme et de connexion parent-b\u00e9b\u00e9<\/span><\/li><li><span style=\"color: #997070;\">Adapt\u00e9 au d\u00e9veloppement moteur du b\u00e9b\u00e9<\/span><\/li><\/ul><\/li><\/ul><\/li><\/ul><p style=\"padding-left: 40px;\" data-start=\"2739\" data-end=\"2816\"><span style=\"color: #997070;\"><strong data-start=\"2742\" data-end=\"2765\">L\u2019huile est fournie<\/strong>, choisie avec soin et adapt\u00e9e \u00e0 la peau des b\u00e9b\u00e9s.<\/span><\/p><hr data-start=\"2818\" data-end=\"2821\" \/><h3 style=\"padding-left: 40px;\" data-start=\"2823\" data-end=\"2867\"><span style=\"color: #e8acac;\">Formule compl\u00e8te \u2013 les deux ateliers<\/span><\/h3><p style=\"padding-left: 40px;\" data-start=\"2868\" data-end=\"2880\"><strong><span style=\"color: #997070;\">Tarif : 110 \u20ac<\/span><\/strong><\/p><p style=\"padding-left: 40px;\" data-start=\"2882\" data-end=\"2923\"><span style=\"color: #997070;\">Cette formule vous permet de b\u00e9n\u00e9ficier :<\/span><\/p><ul><li style=\"list-style-type: none;\"><ul><li style=\"list-style-type: none;\"><ul><li data-start=\"2926\" data-end=\"2968\"><span style=\"color: #997070;\">de l\u2019atelier massage habill\u00e9 \/ contenant<\/span><\/li><li data-start=\"2971\" data-end=\"3012\"><span style=\"color: #997070;\">de l\u2019atelier massage relaxant \u00e0 l\u2019huile<\/span><\/li><\/ul><\/li><\/ul><\/li><\/ul><p style=\"padding-left: 40px;\" data-start=\"3014\" data-end=\"3071\"><span style=\"color: #997070;\">Un accompagnement progressif, qui \u00e9volue avec votre b\u00e9b\u00e9.<\/span><\/p><hr data-start=\"3073\" data-end=\"3076\" \/><h2 style=\"padding-left: 40px;\" data-start=\"3078\" data-end=\"3113\"><span style=\"color: #e8acac;\">Un accompagnement cl\u00e9 en main<\/span><\/h2><p style=\"padding-left: 40px;\" data-start=\"3115\" data-end=\"3136\"><span style=\"color: #997070;\">Pour chaque atelier :<\/span><\/p><ul><li style=\"list-style-type: none;\"><ul><li style=\"list-style-type: none;\"><ul><li data-start=\"3139\" data-end=\"3162\"><span style=\"color: #997070;\">je vous guide pas \u00e0 pas<\/span><\/li><li data-start=\"3165\" data-end=\"3254\"><span style=\"color: #997070;\">je fournis un <strong data-start=\"3179\" data-end=\"3197\">support visuel<\/strong> pour vous permettre de reproduire les gestes \u00e0 la maison<\/span><\/li><li data-start=\"3257\" data-end=\"3338\"><span style=\"color: #997070;\">je r\u00e9ponds \u00e0 vos questions, dans le respect de votre v\u00e9cu et de votre parentalit\u00e9<\/span><\/li><\/ul><\/li><\/ul><\/li><\/ul><hr data-start=\"3340\" data-end=\"3343\" \/><h2 style=\"padding-left: 40px;\" data-start=\"3345\" data-end=\"3369\"><span style=\"color: #e8acac;\">Contre-indications<\/span><\/h2><p style=\"padding-left: 40px;\" data-start=\"3371\" data-end=\"3445\"><span style=\"color: #997070;\">Par pr\u00e9caution, le massage b\u00e9b\u00e9 est <strong data-start=\"3407\" data-end=\"3433\">d\u00e9conseill\u00e9 ou report\u00e9<\/strong> en cas de :<\/span><\/p><ul><li style=\"list-style-type: none;\"><ul><li style=\"list-style-type: none;\"><ul><li data-start=\"3448\" data-end=\"3476\"><span style=\"color: #997070;\">fi\u00e8vre ou infection en cours<\/span><\/li><li data-start=\"3479\" data-end=\"3545\"><span style=\"color: #997070;\">grande fatigue ou inconfort important du b\u00e9b\u00e9 le jour de l\u2019atelier<\/span><\/li><li data-start=\"3548\" data-end=\"3591\"><span style=\"color: #997070;\">probl\u00e8me de peau important ou non stable<\/span><\/li><li data-start=\"3594\" data-end=\"3642\"><span style=\"color: #997070;\">pathologie n\u00e9cessitant un avis m\u00e9dical pr\u00e9alable<\/span><\/li><\/ul><\/li><\/ul><\/li><\/ul><p style=\"padding-left: 40px;\" data-start=\"3644\" data-end=\"3721\"><span style=\"color: #997070;\">En cas de doute, nous prenons toujours le temps d\u2019\u00e9changer avant l\u2019atelier<\/span><\/p><hr data-start=\"3723\" data-end=\"3726\" \/><h2 style=\"padding-left: 40px;\" data-start=\"3728\" data-end=\"3774\"><span style=\"color: #e8acac;\">Ateliers \u00e0 domicile \u2013 Bretagne (22 \/ 35)<\/span><\/h2><p style=\"padding-left: 40px;\" data-start=\"3776\" data-end=\"3896\"><span style=\"color: #997070;\">Les ateliers se d\u00e9roulent <strong data-start=\"3802\" data-end=\"3834\">directement \u00e0 votre domicile<\/strong>, dans un environnement familier et rassurant pour votre b\u00e9b\u00e9.<\/span><\/p><p style=\"padding-left: 40px;\" data-start=\"3898\" data-end=\"3979\"><strong><span style=\"color: #e8acac;\">Secteurs d\u2019intervention :<\/span><\/strong><br data-start=\"3926\" data-end=\"3929\" \/><span style=\"color: #997070;\"><strong data-start=\"3929\" data-end=\"3951\">C\u00f4tes-d\u2019Armor (22)<\/strong> et <strong data-start=\"3955\" data-end=\"3979\">Ille-et-Vilaine (35), Beaussais-sur-Mer jusqu&#8217;\u00e0 20 km aux alentours<\/strong><\/span><\/p><h2 style=\"padding-left: 40px;\" data-start=\"3898\" data-end=\"3979\"><span style=\"color: #997070;\"><strong data-start=\"3955\" data-end=\"3979\"><a href=\"https:\/\/emilie-arduini2.reservio.com\/services\">R\u00e9servation de l&#8217;atelier : https:\/\/emilie-arduini2.reservio.com\/services<\/a><\/strong><\/span><\/h2><hr data-start=\"4039\" data-end=\"4042\" \/>\t\t\t\t\t\t<\/div>\n\t\t\t\t<\/div>\n\t\t\t\t\t<\/div>\n\t\t\t\t<\/div>\n\t\t\t\t<\/div>\n\t\t","protected":false},"excerpt":{"rendered":"<p>\u00a0 Ateliers de massage b\u00e9b\u00e9 \u2013 un temps de lien, de douceur et de pr\u00e9sence Le massage b\u00e9b\u00e9 est un moment privil\u00e9gi\u00e9 de rencontre, de communication et de lien entre le parent et son enfant.Je vous propose des ateliers de massage b\u00e9b\u00e9 \u00e0 domicile, pens\u00e9s pour vous transmettre des gestes simples, respectueux et adapt\u00e9s \u00e0 [&hellip;]<\/p>\n","protected":false},"author":1,"featured_media":244,"parent":0,"menu_order":0,"comment_status":"closed","ping_status":"closed","template":"","meta":{"ocean_post_layout":"","ocean_both_sidebars_style":"","ocean_both_sidebars_content_width":0,"ocean_both_sidebars_sidebars_width":0,"ocean_sidebar":"","ocean_second_sidebar":"","ocean_disable_margins":"enable","ocean_add_body_class":"","ocean_shortcode_before_top_bar":"","ocean_shortcode_after_top_bar":"","ocean_shortcode_before_header":"","ocean_shortcode_after_header":"","ocean_has_shortcode":"","ocean_shortcode_after_title":"","ocean_shortcode_before_footer_widgets":"","ocean_shortcode_after_footer_widgets":"","ocean_shortcode_before_footer_bottom":"","ocean_shortcode_after_footer_bottom":"","ocean_display_top_bar":"default","ocean_display_header":"default","ocean_header_style":"","ocean_center_header_left_menu":"","ocean_custom_header_template":"","ocean_custom_logo":0,"ocean_custom_retina_logo":0,"ocean_custom_logo_max_width":0,"ocean_custom_logo_tablet_max_width":0,"ocean_custom_logo_mobile_max_width":0,"ocean_custom_logo_max_height":0,"ocean_custom_logo_tablet_max_height":0,"ocean_custom_logo_mobile_max_height":0,"ocean_header_custom_menu":"","ocean_menu_typo_font_family":"","ocean_menu_typo_font_subset":"","ocean_menu_typo_font_size":0,"ocean_menu_typo_font_size_tablet":0,"ocean_menu_typo_font_size_mobile":0,"ocean_menu_typo_font_size_unit":"px","ocean_menu_typo_font_weight":"","ocean_menu_typo_font_weight_tablet":"","ocean_menu_typo_font_weight_mobile":"","ocean_menu_typo_transform":"","ocean_menu_typo_transform_tablet":"","ocean_menu_typo_transform_mobile":"","ocean_menu_typo_line_height":0,"ocean_menu_typo_line_height_tablet":0,"ocean_menu_typo_line_height_mobile":0,"ocean_menu_typo_line_height_unit":"","ocean_menu_typo_spacing":0,"ocean_menu_typo_spacing_tablet":0,"ocean_menu_typo_spacing_mobile":0,"ocean_menu_typo_spacing_unit":"","ocean_menu_link_color":"","ocean_menu_link_color_hover":"","ocean_menu_link_color_active":"","ocean_menu_link_background":"","ocean_menu_link_hover_background":"","ocean_menu_link_active_background":"","ocean_menu_social_links_bg":"","ocean_menu_social_hover_links_bg":"","ocean_menu_social_links_color":"","ocean_menu_social_hover_links_color":"","ocean_disable_title":"default","ocean_disable_heading":"default","ocean_post_title":"","ocean_post_subheading":"","ocean_post_title_style":"","ocean_post_title_background_color":"","ocean_post_title_background":0,"ocean_post_title_bg_image_position":"","ocean_post_title_bg_image_attachment":"","ocean_post_title_bg_image_repeat":"","ocean_post_title_bg_image_size":"","ocean_post_title_height":0,"ocean_post_title_bg_overlay":0.5,"ocean_post_title_bg_overlay_color":"","ocean_disable_breadcrumbs":"default","ocean_breadcrumbs_color":"","ocean_breadcrumbs_separator_color":"","ocean_breadcrumbs_links_color":"","ocean_breadcrumbs_links_hover_color":"","ocean_display_footer_widgets":"default","ocean_display_footer_bottom":"default","ocean_custom_footer_template":"","footnotes":""},"class_list":["post-160","page","type-page","status-publish","has-post-thumbnail","hentry","entry","has-media","owp-thumbs-layout-horizontal","owp-btn-normal","owp-tabs-layout-horizontal","has-no-thumbnails","has-product-nav"],"_links":{"self":[{"href":"https:\/\/emiliearduini.fr\/index.php\/wp-json\/wp\/v2\/pages\/160","targetHints":{"allow":["GET"]}}],"collection":[{"href":"https:\/\/emiliearduini.fr\/index.php\/wp-json\/wp\/v2\/pages"}],"about":[{"href":"https:\/\/emiliearduini.fr\/index.php\/wp-json\/wp\/v2\/types\/page"}],"author":[{"embeddable":true,"href":"https:\/\/emiliearduini.fr\/index.php\/wp-json\/wp\/v2\/users\/1"}],"replies":[{"embeddable":true,"href":"https:\/\/emiliearduini.fr\/index.php\/wp-json\/wp\/v2\/comments?post=160"}],"version-history":[{"count":23,"href":"https:\/\/emiliearduini.fr\/index.php\/wp-json\/wp\/v2\/pages\/160\/revisions"}],"predecessor-version":[{"id":1025,"href":"https:\/\/emiliearduini.fr\/index.php\/wp-json\/wp\/v2\/pages\/160\/revisions\/1025"}],"wp:featuredmedia":[{"embeddable":true,"href":"https:\/\/emiliearduini.fr\/index.php\/wp-json\/wp\/v2\/media\/244"}],"wp:attachment":[{"href":"https:\/\/emiliearduini.fr\/index.php\/wp-json\/wp\/v2\/media?parent=160"}],"curies":[{"name":"wp","href":"https:\/\/api.w.org\/{rel}","templated":true}]}}