{"id":154,"date":"2024-04-24T13:25:06","date_gmt":"2024-04-24T11:25:06","guid":{"rendered":"https:\/\/emiliearduini.fr\/?page_id=154"},"modified":"2026-02-10T15:56:04","modified_gmt":"2026-02-10T14:56:04","slug":"atelier-de-portage-physiologique","status":"publish","type":"page","link":"https:\/\/emiliearduini.fr\/index.php\/atelier-de-portage-physiologique\/","title":{"rendered":"Atelier de portage physiologique"},"content":{"rendered":"\t\t<div data-elementor-type=\"wp-page\" data-elementor-id=\"154\" class=\"elementor elementor-154\">\n\t\t\t\t<div class=\"elementor-element elementor-element-20239a4 e-flex e-con-boxed e-con e-parent\" data-id=\"20239a4\" data-element_type=\"container\">\n\t\t\t\t\t<div class=\"e-con-inner\">\n\t\t\t\t<div class=\"elementor-element elementor-element-75311b6 elementor-widget elementor-widget-text-editor\" data-id=\"75311b6\" data-element_type=\"widget\" data-widget_type=\"text-editor.default\">\n\t\t\t\t<div class=\"elementor-widget-container\">\n\t\t\t<style>\/*! elementor - v3.21.0 - 30-04-2024 *\/\n.elementor-widget-text-editor.elementor-drop-cap-view-stacked .elementor-drop-cap{background-color:#69727d;color:#fff}.elementor-widget-text-editor.elementor-drop-cap-view-framed .elementor-drop-cap{color:#69727d;border:3px solid;background-color:transparent}.elementor-widget-text-editor:not(.elementor-drop-cap-view-default) .elementor-drop-cap{margin-top:8px}.elementor-widget-text-editor:not(.elementor-drop-cap-view-default) .elementor-drop-cap-letter{width:1em;height:1em}.elementor-widget-text-editor .elementor-drop-cap{float:left;text-align:center;line-height:1;font-size:50px}.elementor-widget-text-editor .elementor-drop-cap-letter{display:inline-block}<\/style>\t\t\t\t<h1><img fetchpriority=\"high\" decoding=\"async\" class=\"size-medium wp-image-532 aligncenter\" src=\"http:\/\/emiliearduini.fr\/wp-content\/uploads\/2025\/05\/10-300x300.jpg\" alt=\"PORTAGE PHYSIOLOGIQUE SAINT-MALO\" width=\"300\" height=\"300\" srcset=\"https:\/\/emiliearduini.fr\/wp-content\/uploads\/2025\/05\/10-300x300.jpg 300w, https:\/\/emiliearduini.fr\/wp-content\/uploads\/2025\/05\/10-1024x1024.jpg 1024w, https:\/\/emiliearduini.fr\/wp-content\/uploads\/2025\/05\/10-150x150.jpg 150w, https:\/\/emiliearduini.fr\/wp-content\/uploads\/2025\/05\/10-768x768.jpg 768w, https:\/\/emiliearduini.fr\/wp-content\/uploads\/2025\/05\/10-600x600.jpg 600w, https:\/\/emiliearduini.fr\/wp-content\/uploads\/2025\/05\/10-100x100.jpg 100w, https:\/\/emiliearduini.fr\/wp-content\/uploads\/2025\/05\/10.jpg 1080w\" sizes=\"(max-width: 300px) 100vw, 300px\" \/><\/h1><h1 style=\"padding-left: 40px;\"><span style=\"color: #e8acac;\">Ateliers de portage physiologique \u2013 porter en confiance, d\u00e8s le d\u00e9but<\/span><\/h1><figure class=\"wp-block-image size-full is-resized\"><p style=\"padding-left: 40px;\" data-start=\"363\" data-end=\"577\"><span style=\"color: #997070;\">Le <strong data-start=\"366\" data-end=\"391\">portage physiologique<\/strong> est bien plus qu\u2019un moyen de transport : c\u2019est un outil pr\u00e9cieux pour r\u00e9pondre aux besoins fondamentaux du b\u00e9b\u00e9 (s\u00e9curit\u00e9, proximit\u00e9, r\u00e9gulation), tout en respectant le corps du parent.<\/span><\/p><p style=\"padding-left: 40px;\" data-start=\"579\" data-end=\"827\"><span style=\"color: #997070;\">Je vous propose des <strong data-start=\"599\" data-end=\"647\">ateliers de portage physiologique \u00e0 domicile<\/strong>, pens\u00e9s pour vous transmettre les bases essentielles, vous guider pas \u00e0 pas et vous aider \u00e0 trouver <strong data-start=\"748\" data-end=\"802\">le moyen de portage qui vous correspond r\u00e9ellement<\/strong>, \u00e0 vous et \u00e0 votre b\u00e9b\u00e9.<\/span><\/p><hr data-start=\"829\" data-end=\"832\" \/><h2 style=\"padding-left: 40px;\" data-start=\"834\" data-end=\"882\"><span style=\"color: #e8acac;\">Une approche personnalis\u00e9e et respectueuse<\/span><\/h2><p style=\"padding-left: 40px;\" data-start=\"884\" data-end=\"908\"><span style=\"color: #997070;\">Lors de chaque atelier :<\/span><\/p><ul><li style=\"list-style-type: none;\"><ul><li style=\"list-style-type: none;\"><ul><li data-start=\"911\" data-end=\"971\"><span style=\"color: #997070;\">je m\u2019adapte \u00e0 <strong data-start=\"925\" data-end=\"971\">votre histoire, votre corps et vos besoins<\/strong><\/span><\/li><li data-start=\"974\" data-end=\"1029\"><span style=\"color: #997070;\">je prends le temps d\u2019observer, d\u2019expliquer et d\u2019ajuster<\/span><\/li><\/ul><\/li><\/ul><\/li><\/ul><blockquote><p data-start=\"1073\" data-end=\"1346\"><span style=\"color: #997070;\">\u00a0<strong data-start=\"1076\" data-end=\"1152\">Il n\u2019est pas n\u00e9cessaire d\u2019acheter un moyen de portage avant l\u2019atelier.<\/strong><\/span><br data-start=\"1152\" data-end=\"1155\" \/><span style=\"color: #997070;\">L\u2019objectif est de comprendre, ressentir et comparer avant d\u2019investir.<\/span><\/p><p data-start=\"1073\" data-end=\"1346\"><span style=\"color: #997070;\"> Si vous poss\u00e9dez d\u00e9j\u00e0 un moyen de portage, <\/span><span style=\"color: #997070;\">vous pouvez bien s\u00fbr venir avec afin que nous fassions le point ensemble.<\/span><\/p><\/blockquote><p style=\"padding-left: 40px;\" data-start=\"1348\" data-end=\"1514\"><span style=\"color: #997070;\">Je mets \u00e0 votre disposition <strong data-start=\"1376\" data-end=\"1415\">un large choix de moyens de portage<\/strong>, issus de grandes marques reconnues :<\/span><br data-start=\"1453\" data-end=\"1456\" \/><span style=\"color: #997070;\"><strong data-start=\"1456\" data-end=\"1495\">N\u00e9obulle, Love Radius, Stokke Limas<\/strong>, <strong>Boba Wrap<\/strong> et bien d\u2019autres.<\/span><\/p><hr data-start=\"1516\" data-end=\"1519\" \/><h2 style=\"padding-left: 40px;\" data-start=\"1521\" data-end=\"1564\"><span style=\"color: #e8acac;\">Une sp\u00e9cialisation RGO et pr\u00e9maturit\u00e9<\/span><\/h2><p style=\"padding-left: 40px;\" data-start=\"1566\" data-end=\"1692\"><span style=\"color: #997070;\">Je suis <strong data-start=\"1574\" data-end=\"1639\">sp\u00e9cialis\u00e9e dans l\u2019accompagnement des b\u00e9b\u00e9s pr\u00e9sentant un RGO<\/strong>, ainsi que dans le <strong data-start=\"1659\" data-end=\"1691\">portage des b\u00e9b\u00e9s pr\u00e9matur\u00e9s<\/strong>.<\/span><\/p><p style=\"padding-left: 40px;\" data-start=\"1694\" data-end=\"1738\"><span style=\"color: #997070;\">Cette expertise me permet de vous proposer :<\/span><\/p><ul><li style=\"list-style-type: none;\"><ul><li style=\"list-style-type: none;\"><ul><li data-start=\"1741\" data-end=\"1763\"><span style=\"color: #997070;\">des positions adapt\u00e9es<\/span><\/li><li data-start=\"1766\" data-end=\"1785\"><span style=\"color: #997070;\">des r\u00e9glages pr\u00e9cis<\/span><\/li><li data-start=\"1788\" data-end=\"1855\"><span style=\"color: #997070;\">des solutions respectueuses de la physiologie et du confort du b\u00e9b\u00e9<\/span><\/li><\/ul><\/li><\/ul><\/li><\/ul><p style=\"padding-left: 40px;\" data-start=\"1857\" data-end=\"1914\"><span style=\"color: #997070;\">Chaque atelier est men\u00e9 avec douceur, patience et \u00e9coute.<\/span><\/p><hr data-start=\"1916\" data-end=\"1919\" \/><h2 style=\"padding-left: 40px;\" data-start=\"1921\" data-end=\"1974\"><span style=\"color: #e8acac;\">Les formules d\u2019ateliers de portage physiologique<\/span><\/h2><h3 style=\"padding-left: 40px;\" data-start=\"1921\" data-end=\"1974\"><span style=\"color: #e8acac;\">Atelier d\u00e9couverte \u2013 2 heures\/<strong data-start=\"2015\" data-end=\"2023\">70 \u20ac<\/strong><\/span><\/h3><ul><li style=\"list-style-type: none;\"><ul><li style=\"list-style-type: none;\"><ul><li><span style=\"color: #997070;\">Un atelier pour poser les bases du portage physiologique.<\/span><\/li><li><span style=\"color: #997070;\">Comprendre les principes fondamentaux du portage<\/span><\/li><li><span style=\"color: #997070;\">Apprendre le <strong data-start=\"2152\" data-end=\"2170\">portage \u00e0 bras<\/strong> et les gestes du quotidien<\/span><\/li><li><span style=\"color: #997070;\">D\u00e9couvrir diff\u00e9rents moyens de portage<\/span><\/li><li><span style=\"color: #997070;\">Tester avec un <strong data-start=\"2260\" data-end=\"2270\">poupon<\/strong> (avant la naissance) ou avec votre b\u00e9b\u00e9<\/span><\/li><\/ul><\/li><\/ul><\/li><\/ul><p style=\"padding-left: 40px;\" data-start=\"2312\" data-end=\"2392\"><em><span style=\"color: #997070;\">Cet atelier peut se faire <strong data-start=\"2341\" data-end=\"2365\">pendant la grossesse<\/strong> ou <strong data-start=\"2369\" data-end=\"2391\">apr\u00e8s la naissance<\/strong>.<\/span><\/em><\/p><hr data-start=\"2394\" data-end=\"2397\" \/><h3 style=\"padding-left: 40px;\" data-start=\"2399\" data-end=\"2473\"><span style=\"color: #e8acac;\">Formule \u201cB\u00e9b\u00e9 serein\u201d<\/span><span style=\"color: #e8acac;\">\u2013 3 heures\/<strong data-start=\"2015\" data-end=\"2023\">100 \u20ac<\/strong><\/span><\/h3><p style=\"padding-left: 40px;\" data-start=\"2503\" data-end=\"2593\"><span style=\"color: #997070;\">Un accompagnement en deux temps, id\u00e9al pour pr\u00e9parer l\u2019arriv\u00e9e de b\u00e9b\u00e9 et ajuster ensuite.<\/span><\/p><p style=\"padding-left: 40px;\" data-start=\"2595\" data-end=\"2631\"><span style=\"color: #997070;\"><strong>Un atelier de 2h<\/strong><strong data-start=\"2598\" data-end=\"2629\"> heures avant la naissance<\/strong><\/span><\/p><ul><li style=\"list-style-type: none;\"><ul><li style=\"list-style-type: none;\"><ul><li><span style=\"color: #997070;\">atelier avec poupon<\/span><\/li><li><span style=\"color: #997070;\">d\u00e9couverte des moyens de portage<\/span><\/li><li><span style=\"color: #997070;\">apprentissage des bases en toute s\u00e9r\u00e9nit\u00e9<\/span><\/li><\/ul><\/li><\/ul><\/li><\/ul><p style=\"padding-left: 40px;\" data-start=\"2740\" data-end=\"2775\"><span style=\"color: #997070;\"><strong>Un atelier d&#8217;<\/strong><strong data-start=\"2743\" data-end=\"2773\">1 heure apr\u00e8s la naissance<\/strong><\/span><\/p><ul><li style=\"list-style-type: none;\"><ul><li style=\"list-style-type: none;\"><ul><li><span style=\"color: #997070;\">portage avec votre b\u00e9b\u00e9<\/span><\/li><li><span style=\"color: #997070;\">ajustements personnalis\u00e9s<\/span><\/li><li><span style=\"color: #997070;\">r\u00e9ponses \u00e0 vos questions selon votre v\u00e9cu r\u00e9el<\/span><\/li><\/ul><\/li><\/ul><\/li><\/ul><p style=\"padding-left: 40px;\" data-start=\"2884\" data-end=\"2961\"><span style=\"color: #997070;\">Cette formule permet une transition en douceur et s\u00e9curise les premiers mois.<\/span><\/p><hr data-start=\"2963\" data-end=\"2966\" \/><h3 style=\"padding-left: 40px;\" data-start=\"2968\" data-end=\"3026\"><span style=\"color: #e8acac;\">Atelier perfectionnement\/portage dos \u2013 2 heures\/<\/span><span style=\"color: #e8acac;\"><strong data-start=\"3027\" data-end=\"3035\">70 \u20ac<\/strong><\/span><\/h3><p style=\"padding-left: 40px;\" data-start=\"3037\" data-end=\"3118\"><span style=\"color: #997070;\">Cet atelier est d\u00e9di\u00e9 aux parents qui portent d\u00e9j\u00e0 et souhaitent aller plus loin.<\/span><\/p><ul><li style=\"list-style-type: none;\"><ul><li style=\"list-style-type: none;\"><ul><li><span style=\"color: #997070;\">D\u00e9couvrir <strong data-start=\"3132\" data-end=\"3152\">d\u2019autres nouages<\/strong><\/span><\/li><li><span style=\"color: #997070;\">Tester <strong data-start=\"3164\" data-end=\"3196\">diff\u00e9rents moyens de portage<\/strong><\/span><\/li><li><span style=\"color: #997070;\">Aborder le <strong data-start=\"3212\" data-end=\"3227\">portage dos<\/strong>, en toute s\u00e9curit\u00e9<\/span><\/li><li><span style=\"color: #997070;\">Affiner les r\u00e9glages selon votre morphologie et celle de votre b\u00e9b\u00e9<\/span><\/li><\/ul><\/li><\/ul><\/li><\/ul><p style=\"padding-left: 40px;\" data-start=\"3320\" data-end=\"3383\"><span style=\"color: #997070;\">Un espace pour gagner en confort, en autonomie et en confiance.<\/span><\/p><hr data-start=\"3385\" data-end=\"3388\" \/><h2 style=\"padding-left: 40px;\" data-start=\"3390\" data-end=\"3436\"><span style=\"color: #e8acac;\">Ateliers \u00e0 domicile \u2013 Bretagne (22 \/ 35)<\/span><\/h2><p style=\"padding-left: 40px;\" data-start=\"3438\" data-end=\"3565\"><span style=\"color: #997070;\">Les ateliers se d\u00e9roulent <strong data-start=\"3464\" data-end=\"3496\">directement \u00e0 votre domicile<\/strong>, afin de vous offrir un cadre rassurant et adapt\u00e9 \u00e0 votre quotidien.<\/span><\/p><p style=\"padding-left: 40px;\" data-start=\"3567\" data-end=\"3648\"><strong><span style=\"color: #e8acac;\">Secteurs d\u2019intervention :<\/span><\/strong><br data-start=\"3595\" data-end=\"3598\" \/><span style=\"color: #997070;\"><strong data-start=\"3598\" data-end=\"3620\">C\u00f4tes-d\u2019Armor (22)<\/strong> et <strong data-start=\"3624\" data-end=\"3648\">Ille-et-Vilaine (35), Beaussais-sur-Mer jusqu&#8217;\u00e0 20km aux alentours<\/strong><\/span><\/p><h2 style=\"padding-left: 40px;\" data-start=\"3650\" data-end=\"3721\">R\u00e9servation de l&#8217;atelier : <a href=\"https:\/\/emilie-arduini2.reservio.com\/services\">https:\/\/emilie-arduini2.reservio.com\/services<\/a><\/h2><\/figure><p><span style=\"color: #997070;\"><!-- \/wp:image --><\/span><\/p><div>\u00a0<\/div><div>\u00a0<\/div>\t\t\t\t\t\t<\/div>\n\t\t\t\t<\/div>\n\t\t\t\t\t<\/div>\n\t\t\t\t<\/div>\n\t\t\t\t<\/div>\n\t\t","protected":false},"excerpt":{"rendered":"<p>Ateliers de portage physiologique \u2013 porter en confiance, d\u00e8s le d\u00e9but Le portage physiologique est bien plus qu\u2019un moyen de transport : c\u2019est un outil pr\u00e9cieux pour r\u00e9pondre aux besoins fondamentaux du b\u00e9b\u00e9 (s\u00e9curit\u00e9, proximit\u00e9, r\u00e9gulation), tout en respectant le corps du parent. Je vous propose des ateliers de portage physiologique \u00e0 domicile, pens\u00e9s pour [&hellip;]<\/p>\n","protected":false},"author":1,"featured_media":0,"parent":0,"menu_order":0,"comment_status":"closed","ping_status":"closed","template":"","meta":{"ocean_post_layout":"","ocean_both_sidebars_style":"","ocean_both_sidebars_content_width":0,"ocean_both_sidebars_sidebars_width":0,"ocean_sidebar":"","ocean_second_sidebar":"","ocean_disable_margins":"enable","ocean_add_body_class":"","ocean_shortcode_before_top_bar":"","ocean_shortcode_after_top_bar":"","ocean_shortcode_before_header":"","ocean_shortcode_after_header":"","ocean_has_shortcode":"","ocean_shortcode_after_title":"","ocean_shortcode_before_footer_widgets":"","ocean_shortcode_after_footer_widgets":"","ocean_shortcode_before_footer_bottom":"","ocean_shortcode_after_footer_bottom":"","ocean_display_top_bar":"default","ocean_display_header":"default","ocean_header_style":"","ocean_center_header_left_menu":"","ocean_custom_header_template":"","ocean_custom_logo":0,"ocean_custom_retina_logo":0,"ocean_custom_logo_max_width":0,"ocean_custom_logo_tablet_max_width":0,"ocean_custom_logo_mobile_max_width":0,"ocean_custom_logo_max_height":0,"ocean_custom_logo_tablet_max_height":0,"ocean_custom_logo_mobile_max_height":0,"ocean_header_custom_menu":"","ocean_menu_typo_font_family":"","ocean_menu_typo_font_subset":"","ocean_menu_typo_font_size":0,"ocean_menu_typo_font_size_tablet":0,"ocean_menu_typo_font_size_mobile":0,"ocean_menu_typo_font_size_unit":"px","ocean_menu_typo_font_weight":"","ocean_menu_typo_font_weight_tablet":"","ocean_menu_typo_font_weight_mobile":"","ocean_menu_typo_transform":"","ocean_menu_typo_transform_tablet":"","ocean_menu_typo_transform_mobile":"","ocean_menu_typo_line_height":0,"ocean_menu_typo_line_height_tablet":0,"ocean_menu_typo_line_height_mobile":0,"ocean_menu_typo_line_height_unit":"","ocean_menu_typo_spacing":0,"ocean_menu_typo_spacing_tablet":0,"ocean_menu_typo_spacing_mobile":0,"ocean_menu_typo_spacing_unit":"","ocean_menu_link_color":"","ocean_menu_link_color_hover":"","ocean_menu_link_color_active":"","ocean_menu_link_background":"","ocean_menu_link_hover_background":"","ocean_menu_link_active_background":"","ocean_menu_social_links_bg":"","ocean_menu_social_hover_links_bg":"","ocean_menu_social_links_color":"","ocean_menu_social_hover_links_color":"","ocean_disable_title":"default","ocean_disable_heading":"default","ocean_post_title":"","ocean_post_subheading":"","ocean_post_title_style":"","ocean_post_title_background_color":"","ocean_post_title_background":0,"ocean_post_title_bg_image_position":"","ocean_post_title_bg_image_attachment":"","ocean_post_title_bg_image_repeat":"","ocean_post_title_bg_image_size":"","ocean_post_title_height":0,"ocean_post_title_bg_overlay":0.5,"ocean_post_title_bg_overlay_color":"","ocean_disable_breadcrumbs":"default","ocean_breadcrumbs_color":"","ocean_breadcrumbs_separator_color":"","ocean_breadcrumbs_links_color":"","ocean_breadcrumbs_links_hover_color":"","ocean_display_footer_widgets":"default","ocean_display_footer_bottom":"default","ocean_custom_footer_template":"","footnotes":""},"class_list":["post-154","page","type-page","status-publish","hentry","entry","owp-thumbs-layout-horizontal","owp-btn-normal","owp-tabs-layout-horizontal","has-no-thumbnails","has-product-nav"],"_links":{"self":[{"href":"https:\/\/emiliearduini.fr\/index.php\/wp-json\/wp\/v2\/pages\/154","targetHints":{"allow":["GET"]}}],"collection":[{"href":"https:\/\/emiliearduini.fr\/index.php\/wp-json\/wp\/v2\/pages"}],"about":[{"href":"https:\/\/emiliearduini.fr\/index.php\/wp-json\/wp\/v2\/types\/page"}],"author":[{"embeddable":true,"href":"https:\/\/emiliearduini.fr\/index.php\/wp-json\/wp\/v2\/users\/1"}],"replies":[{"embeddable":true,"href":"https:\/\/emiliearduini.fr\/index.php\/wp-json\/wp\/v2\/comments?post=154"}],"version-history":[{"count":28,"href":"https:\/\/emiliearduini.fr\/index.php\/wp-json\/wp\/v2\/pages\/154\/revisions"}],"predecessor-version":[{"id":1022,"href":"https:\/\/emiliearduini.fr\/index.php\/wp-json\/wp\/v2\/pages\/154\/revisions\/1022"}],"wp:attachment":[{"href":"https:\/\/emiliearduini.fr\/index.php\/wp-json\/wp\/v2\/media?parent=154"}],"curies":[{"name":"wp","href":"https:\/\/api.w.org\/{rel}","templated":true}]}}