{"id":130,"date":"2024-04-24T13:09:13","date_gmt":"2024-04-24T11:09:13","guid":{"rendered":"https:\/\/emiliearduini.fr\/?page_id=130"},"modified":"2026-03-08T16:13:03","modified_gmt":"2026-03-08T15:13:03","slug":"formation-massage-postnatal","status":"publish","type":"page","link":"https:\/\/emiliearduini.fr\/index.php\/formation-massage-postnatal\/","title":{"rendered":"Massage sur Mesure"},"content":{"rendered":"\t\t<div data-elementor-type=\"wp-page\" data-elementor-id=\"130\" class=\"elementor elementor-130\">\n\t\t\t\t<div class=\"elementor-element elementor-element-51ef6118 e-flex e-con-boxed e-con e-parent\" data-id=\"51ef6118\" data-element_type=\"container\">\n\t\t\t\t\t<div class=\"e-con-inner\">\n\t\t\t\t<div class=\"elementor-element elementor-element-6f314536 elementor-widget elementor-widget-text-editor\" data-id=\"6f314536\" data-element_type=\"widget\" data-widget_type=\"text-editor.default\">\n\t\t\t\t<div class=\"elementor-widget-container\">\n\t\t\t<style>\/*! elementor - v3.21.0 - 30-04-2024 *\/\n.elementor-widget-text-editor.elementor-drop-cap-view-stacked .elementor-drop-cap{background-color:#69727d;color:#fff}.elementor-widget-text-editor.elementor-drop-cap-view-framed .elementor-drop-cap{color:#69727d;border:3px solid;background-color:transparent}.elementor-widget-text-editor:not(.elementor-drop-cap-view-default) .elementor-drop-cap{margin-top:8px}.elementor-widget-text-editor:not(.elementor-drop-cap-view-default) .elementor-drop-cap-letter{width:1em;height:1em}.elementor-widget-text-editor .elementor-drop-cap{float:left;text-align:center;line-height:1;font-size:50px}.elementor-widget-text-editor .elementor-drop-cap-letter{display:inline-block}<\/style>\t\t\t\t<p class=\"has-medium-font-size\" style=\"padding-left: 160px;\"><span style=\"color: #997070;\">Offrez-vous un moment de d\u00e9tente absolue et laissez-vous emporter par la magie du massage<\/span><\/p>\n<p><span style=\"color: #997070;\"><!-- \/wp:paragraph --><!-- wp:image {\"id\":349,\"width\":\"320px\",\"height\":\"auto\",\"sizeSlug\":\"large\",\"linkDestination\":\"none\"} --><\/span><\/p>\n<figure class=\"wp-block-image size-large is-resized\">\n<figure id=\"attachment_511\" aria-describedby=\"caption-attachment-511\" style=\"width: 1024px\" class=\"wp-caption alignnone\"><img fetchpriority=\"high\" decoding=\"async\" class=\"size-large wp-image-511\" src=\"http:\/\/emiliearduini.fr\/wp-content\/uploads\/2025\/05\/Massage-Rebozo-50-1024x681.jpg\" alt=\"\" width=\"1024\" height=\"681\" srcset=\"https:\/\/emiliearduini.fr\/wp-content\/uploads\/2025\/05\/Massage-Rebozo-50-1024x681.jpg 1024w, https:\/\/emiliearduini.fr\/wp-content\/uploads\/2025\/05\/Massage-Rebozo-50-300x199.jpg 300w, https:\/\/emiliearduini.fr\/wp-content\/uploads\/2025\/05\/Massage-Rebozo-50-768x511.jpg 768w, https:\/\/emiliearduini.fr\/wp-content\/uploads\/2025\/05\/Massage-Rebozo-50-1536x1021.jpg 1536w, https:\/\/emiliearduini.fr\/wp-content\/uploads\/2025\/05\/Massage-Rebozo-50-2048x1362.jpg 2048w, https:\/\/emiliearduini.fr\/wp-content\/uploads\/2025\/05\/Massage-Rebozo-50-600x399.jpg 600w\" sizes=\"(max-width: 1024px) 100vw, 1024px\" \/><figcaption id=\"caption-attachment-511\" class=\"wp-caption-text\">Cr\u00e9dit photo : tiphn_photographie<\/figcaption><\/figure>\n<\/figure>\n<p><span style=\"color: #997070;\"><!-- \/wp:image --><!-- wp:heading --><\/span><\/p>\n<div class=\"wp-block-group\" style=\"padding-left: 40px;\">\n<h2 data-start=\"257\" data-end=\"322\"><span style=\"color: #e8acac;\">Massage sur mesure \u2013 un soin adapt\u00e9 \u00e0 vos besoins du moment<\/span><\/h2>\n<p data-start=\"324\" data-end=\"436\"><span style=\"color: #997070;\">Le <strong data-start=\"327\" data-end=\"349\">massage sur mesure<\/strong> est un soin de bien-\u00eatre pens\u00e9 pour <strong data-start=\"386\" data-end=\"407\">toutes les femmes<\/strong>, \u00e0 chaque \u00e9tape de leur vie.<\/span><\/p>\n<p data-start=\"438\" data-end=\"749\"><span style=\"color: #997070;\">Je vous propose un massage <strong data-start=\"465\" data-end=\"487\">relaxant \u00e0 l\u2019huile<\/strong>, enti\u00e8rement personnalis\u00e9, qui s\u2019adapte \u00e0 vos besoins, \u00e0 votre \u00e9nergie du moment et \u00e0 ce que je per\u00e7ois \u00e0 travers le toucher.<\/span><br data-start=\"613\" data-end=\"616\" \/><span style=\"color: #997070;\">Un espace pour ralentir, rel\u00e2cher les tensions et vous offrir un temps pour vous, sans objectif, sans attente, simplement \u00e0 l\u2019\u00e9coute.<\/span><\/p>\n<hr data-start=\"751\" data-end=\"754\" \/>\n<h2 data-start=\"756\" data-end=\"801\"><span style=\"color: #e8acac;\">Une approche personnalis\u00e9e et intuitive<\/span><\/h2>\n<p data-start=\"803\" data-end=\"858\"><span style=\"color: #997070;\">Chaque massage est unique.<\/span><br data-start=\"829\" data-end=\"832\" \/><span style=\"color: #997070;\">Il se construit \u00e0 partir :<\/span><\/p>\n<ul>\n<li style=\"list-style-type: none;\">\n<ul>\n<li style=\"list-style-type: none;\">\n<ul>\n<li data-start=\"861\" data-end=\"886\"><span style=\"color: #997070;\">de vos besoins exprim\u00e9s<\/span><\/li>\n<li data-start=\"889\" data-end=\"917\"><span style=\"color: #997070;\">de vos ressentis corporels<\/span><\/li>\n<li data-start=\"920\" data-end=\"951\"><span style=\"color: #997070;\">de ce que votre corps raconte<\/span><\/li>\n<\/ul>\n<\/li>\n<\/ul>\n<\/li>\n<\/ul>\n<p data-start=\"953\" data-end=\"1125\"><span style=\"color: #997070;\">Le soin n\u2019est jamais standardis\u00e9 : la pression, le rythme et les zones travaill\u00e9es sont ajust\u00e9s pour vous offrir un massage <strong data-start=\"1077\" data-end=\"1124\">juste, respectueux et profond\u00e9ment relaxant<\/strong>.<\/span><\/p>\n<hr data-start=\"1127\" data-end=\"1130\" \/>\n<h2 data-start=\"1132\" data-end=\"1172\"><span style=\"color: #e8acac;\">Les bienfaits du massage sur mesure<\/span><\/h2>\n<p data-start=\"1174\" data-end=\"1303\"><span style=\"color: #997070;\"><strong data-start=\"1177\" data-end=\"1212\">D\u00e9tendre le corps en profondeur<\/strong><\/span><br data-start=\"1212\" data-end=\"1215\" \/><span style=\"color: #997070;\">Le massage aide \u00e0 rel\u00e2cher les tensions musculaires et \u00e0 apaiser les zones de surcharge.<\/span><\/p>\n<p data-start=\"1305\" data-end=\"1408\"><span style=\"color: #997070;\"><strong data-start=\"1308\" data-end=\"1329\">Apaiser le mental<\/strong><\/span><br data-start=\"1329\" data-end=\"1332\" \/><span style=\"color: #997070;\">Il favorise le l\u00e2cher-prise, diminue le stress et invite au calme int\u00e9rieur.<\/span><\/p>\n<p data-start=\"1410\" data-end=\"1543\"><span style=\"color: #997070;\"><strong data-start=\"1413\" data-end=\"1441\">Am\u00e9liorer la circulation<\/strong><\/span><br data-start=\"1441\" data-end=\"1444\" \/><span style=\"color: #997070;\">Le massage stimule la circulation sanguine et lymphatique, contribuant \u00e0 une sensation de l\u00e9g\u00e8ret\u00e9.<\/span><\/p>\n<p data-start=\"1545\" data-end=\"1673\"><span style=\"color: #997070;\"><strong data-start=\"1548\" data-end=\"1578\">Se reconnecter \u00e0 son corps<\/strong><\/span><br data-start=\"1578\" data-end=\"1581\" \/><span style=\"color: #997070;\">Ce temps de pr\u00e9sence permet de mieux ressentir son corps et de s\u2019y reconnecter avec douceur.<\/span><\/p>\n<p data-start=\"1675\" data-end=\"1770\"><span style=\"color: #997070;\"><strong data-start=\"1678\" data-end=\"1708\">S\u2019offrir un temps pour soi<\/strong><\/span><br data-start=\"1708\" data-end=\"1711\" \/><span style=\"color: #997070;\">Un moment hors du quotidien, pour souffler et se recentrer.<\/span><\/p>\n<hr data-start=\"1772\" data-end=\"1775\" \/>\n<h2 data-start=\"1777\" data-end=\"1805\"><span style=\"color: #e8acac;\">Pour qui est ce soin ?<\/span><\/h2>\n<p data-start=\"1807\" data-end=\"1892\"><span style=\"color: #997070;\">Le massage sur mesure s\u2019adresse \u00e0 <strong data-start=\"1841\" data-end=\"1862\">toutes les femmes<\/strong> qui ressentent le besoin de :<\/span><\/p>\n<ul>\n<li style=\"list-style-type: none;\">\n<ul>\n<li style=\"list-style-type: none;\">\n<ul>\n<li data-start=\"1895\" data-end=\"1908\"><span style=\"color: #997070;\">se d\u00e9tendre<\/span><\/li>\n<li data-start=\"1911\" data-end=\"1961\"><span style=\"color: #997070;\">rel\u00e2cher les tensions physiques ou \u00e9motionnelles<\/span><\/li>\n<li data-start=\"1964\" data-end=\"1993\"><span style=\"color: #997070;\">prendre un temps pour elles<\/span><\/li>\n<li data-start=\"1996\" data-end=\"2042\"><span style=\"color: #997070;\">s\u2019offrir un moment de bien-\u00eatre personnalis\u00e9<\/span><\/li>\n<\/ul>\n<\/li>\n<\/ul>\n<\/li>\n<\/ul>\n<p data-start=\"2044\" data-end=\"2113\"><span style=\"color: #997070;\">Aucune situation particuli\u00e8re n\u2019est requise pour recevoir ce massage.<\/span><\/p>\n<hr data-start=\"2115\" data-end=\"2118\" \/>\n<h2 data-start=\"2120\" data-end=\"2151\"><span style=\"color: #e8acac;\">Une s\u00e9ance en pratique<\/span><\/h2>\n<ul>\n<li style=\"list-style-type: none;\">\n<ul>\n<li style=\"list-style-type: none;\">\n<ul>\n<li data-start=\"2155\" data-end=\"2226\"><span style=\"color: #997070;\">un <strong data-start=\"2158\" data-end=\"2177\">temps d\u2019\u00e9change<\/strong> en d\u00e9but de s\u00e9ance pour accueillir vos besoins<\/span><\/li>\n<li data-start=\"2229\" data-end=\"2263\"><span style=\"color: #997070;\">une <strong data-start=\"2233\" data-end=\"2261\">installation confortable<\/strong><\/span><\/li>\n<li data-start=\"2266\" data-end=\"2342\"><span style=\"color: #997070;\">un <strong data-start=\"2269\" data-end=\"2299\">massage relaxant \u00e0 l\u2019huile<\/strong>, adapt\u00e9 \u00e0 votre corps et \u00e0 votre \u00e9nergie<\/span><\/li>\n<li data-start=\"2345\" data-end=\"2398\"><span style=\"color: #997070;\">un <strong data-start=\"2348\" data-end=\"2376\">temps de retour au calme<\/strong>, sans pr\u00e9cipitation<\/span><\/li>\n<\/ul>\n<\/li>\n<\/ul>\n<\/li>\n<\/ul>\n<p data-start=\"2400\" data-end=\"2430\"><span style=\"color: #997070;\"><strong data-start=\"2403\" data-end=\"2430\">Dur\u00e9e du soin : 1 heure<\/strong><\/span><\/p>\n<p data-start=\"2432\" data-end=\"2503\"><span style=\"color: #997070;\">Chaque s\u00e9ance est pens\u00e9e pour s\u2019adapter \u00e0 vous, dans l\u2019instant pr\u00e9sent.<\/span><\/p>\n<hr data-start=\"2505\" data-end=\"2508\" \/>\n<h2 data-start=\"2510\" data-end=\"2534\"><span style=\"color: #e8acac;\">Contre-indications<\/span><\/h2>\n<p data-start=\"2536\" data-end=\"2616\"><span style=\"color: #997070;\">Par pr\u00e9caution, le massage sur mesure est <strong data-start=\"2578\" data-end=\"2604\">d\u00e9conseill\u00e9 ou report\u00e9<\/strong> en cas de :<\/span><\/p>\n<ul>\n<li style=\"list-style-type: none;\">\n<ul>\n<li style=\"list-style-type: none;\">\n<ul>\n<li data-start=\"2619\" data-end=\"2649\"><span style=\"color: #997070;\">fi\u00e8vre ou infection en cours<\/span><\/li>\n<li data-start=\"2619\" data-end=\"2649\"><span style=\"color: #997070;\">Thrombose veineuse\u00a0<\/span><\/li>\n<li data-start=\"2652\" data-end=\"2672\"><span style=\"color: #997070;\">inflammation aigu\u00eb<\/span><\/li>\n<li data-start=\"2675\" data-end=\"2725\"><span style=\"color: #997070;\">pathologie n\u00e9cessitant un avis m\u00e9dical pr\u00e9alable<\/span><\/li>\n<li data-start=\"2728\" data-end=\"2751\"><span style=\"color: #997070;\">douleurs inexpliqu\u00e9es<\/span><\/li>\n<\/ul>\n<\/li>\n<\/ul>\n<\/li>\n<\/ul>\n<p data-start=\"2753\" data-end=\"2855\"><span style=\"color: #997070;\">En cas de doute, un \u00e9change pr\u00e9alable permettra de s\u2019assurer que le soin est adapt\u00e9 \u00e0 votre situation.<\/span><\/p>\n<hr data-start=\"2857\" data-end=\"2860\" \/>\n<h2 data-start=\"2862\" data-end=\"2895\"><span style=\"color: #e8acac;\">Tarif du massage sur mesure<\/span><\/h2>\n<p data-start=\"2897\" data-end=\"2946\"><span style=\"color: #997070;\"><strong data-start=\"2900\" data-end=\"2932\">Massage sur mesure \u2013 1 heure<\/strong><\/span><span style=\"color: #997070;\"><strong>\/<\/strong><strong data-start=\"2938\" data-end=\"2946\">75 \u20ac<\/strong><\/span><\/p>\n<hr data-start=\"2948\" data-end=\"2951\" \/>\n<h2 data-start=\"2953\" data-end=\"2998\"><span style=\"color: #997070;\">Massage \u00e0 domicile \u2013 Bretagne (22 \/ 35)<\/span><\/h2>\n<p data-start=\"3000\" data-end=\"3091\"><span style=\"color: #997070;\">J\u2019interviens <strong data-start=\"3013\" data-end=\"3045\">directement \u00e0 votre domicile<\/strong>, dans un environnement familier et rassurant.<\/span><\/p>\n<p data-start=\"3093\" data-end=\"3174\"><strong><span style=\"color: #e8acac;\">Secteurs d\u2019intervention :<\/span><\/strong><br data-start=\"3121\" data-end=\"3124\" \/><span style=\"color: #997070;\"><strong data-start=\"3124\" data-end=\"3146\">C\u00f4tes-d\u2019Armor (22)<\/strong> et <strong data-start=\"3150\" data-end=\"3174\">Ille-et-Vilaine (35), Beaussais-sur-Mer jusqu&#8217;\u00e0 20 km aux alentours<\/strong><\/span><\/p>\n<h2 data-start=\"3093\" data-end=\"3174\">R\u00e9servation du soin :\u00a0<a href=\"https:\/\/emilie-arduini2.reservio.com\/services\">https:\/\/emilie-arduini2.reservio.com\/services<\/a><\/h2>\n<\/div>\t\t\t\t\t\t<\/div>\n\t\t\t\t<\/div>\n\t\t\t\t\t<\/div>\n\t\t\t\t<\/div>\n\t\t<div class=\"elementor-element elementor-element-e9fd9fd e-grid e-con-boxed e-con e-parent\" data-id=\"e9fd9fd\" data-element_type=\"container\">\n\t\t\t\t\t<div class=\"e-con-inner\">\n\t\t\t\t<div class=\"elementor-element elementor-element-f5e6e12 elementor-widget elementor-widget-image\" data-id=\"f5e6e12\" data-element_type=\"widget\" data-widget_type=\"image.default\">\n\t\t\t\t<div class=\"elementor-widget-container\">\n\t\t\t<style>\/*! elementor - v3.21.0 - 30-04-2024 *\/\n.elementor-widget-image{text-align:center}.elementor-widget-image a{display:inline-block}.elementor-widget-image a img[src$=\".svg\"]{width:48px}.elementor-widget-image img{vertical-align:middle;display:inline-block}<\/style>\t\t\t\t\t\t\t<figure class=\"wp-caption\">\n\t\t\t\t\t\t\t\t\t\t<img decoding=\"async\" width=\"768\" height=\"511\" src=\"https:\/\/emiliearduini.fr\/wp-content\/uploads\/2025\/05\/Massage-Rebozo-57-768x511.jpg\" class=\"attachment-medium_large size-medium_large wp-image-518\" alt=\"\" srcset=\"https:\/\/emiliearduini.fr\/wp-content\/uploads\/2025\/05\/Massage-Rebozo-57-768x511.jpg 768w, https:\/\/emiliearduini.fr\/wp-content\/uploads\/2025\/05\/Massage-Rebozo-57-300x200.jpg 300w, https:\/\/emiliearduini.fr\/wp-content\/uploads\/2025\/05\/Massage-Rebozo-57-1024x682.jpg 1024w, https:\/\/emiliearduini.fr\/wp-content\/uploads\/2025\/05\/Massage-Rebozo-57-1536x1022.jpg 1536w, https:\/\/emiliearduini.fr\/wp-content\/uploads\/2025\/05\/Massage-Rebozo-57-2048x1363.jpg 2048w, https:\/\/emiliearduini.fr\/wp-content\/uploads\/2025\/05\/Massage-Rebozo-57-600x399.jpg 600w\" sizes=\"(max-width: 768px) 100vw, 768px\" \/>\t\t\t\t\t\t\t\t\t\t\t<figcaption class=\"widget-image-caption wp-caption-text\">Cr\u00e9dit photo : tiphn_photographie<\/figcaption>\n\t\t\t\t\t\t\t\t\t\t<\/figure>\n\t\t\t\t\t\t\t<\/div>\n\t\t\t\t<\/div>\n\t\t\t\t<div class=\"elementor-element elementor-element-c92b3e4 elementor-widget elementor-widget-image\" data-id=\"c92b3e4\" data-element_type=\"widget\" data-widget_type=\"image.default\">\n\t\t\t\t<div class=\"elementor-widget-container\">\n\t\t\t\t\t\t\t\t\t\t<figure class=\"wp-caption\">\n\t\t\t\t\t\t\t\t\t\t<img decoding=\"async\" width=\"768\" height=\"501\" src=\"https:\/\/emiliearduini.fr\/wp-content\/uploads\/2025\/05\/Massage-Rebozo-52-768x501.jpg\" class=\"attachment-medium_large size-medium_large wp-image-513\" alt=\"MASSAGE PLOUBALAY\" srcset=\"https:\/\/emiliearduini.fr\/wp-content\/uploads\/2025\/05\/Massage-Rebozo-52-768x501.jpg 768w, https:\/\/emiliearduini.fr\/wp-content\/uploads\/2025\/05\/Massage-Rebozo-52-300x196.jpg 300w, https:\/\/emiliearduini.fr\/wp-content\/uploads\/2025\/05\/Massage-Rebozo-52-1024x668.jpg 1024w, https:\/\/emiliearduini.fr\/wp-content\/uploads\/2025\/05\/Massage-Rebozo-52-1536x1002.jpg 1536w, https:\/\/emiliearduini.fr\/wp-content\/uploads\/2025\/05\/Massage-Rebozo-52-2048x1336.jpg 2048w, https:\/\/emiliearduini.fr\/wp-content\/uploads\/2025\/05\/Massage-Rebozo-52-600x391.jpg 600w\" sizes=\"(max-width: 768px) 100vw, 768px\" \/>\t\t\t\t\t\t\t\t\t\t\t<figcaption class=\"widget-image-caption wp-caption-text\">Cr\u00e9dit photo : tiphn_photographie<\/figcaption>\n\t\t\t\t\t\t\t\t\t\t<\/figure>\n\t\t\t\t\t\t\t<\/div>\n\t\t\t\t<\/div>\n\t\t\t\t\t<\/div>\n\t\t\t\t<\/div>\n\t\t\t\t<\/div>\n\t\t","protected":false},"excerpt":{"rendered":"<p>Offrez-vous un moment de d\u00e9tente absolue et laissez-vous emporter par la magie du massage Massage sur mesure \u2013 un soin adapt\u00e9 \u00e0 vos besoins du moment Le massage sur mesure est un soin de bien-\u00eatre pens\u00e9 pour toutes les femmes, \u00e0 chaque \u00e9tape de leur vie. Je vous propose un massage relaxant \u00e0 l\u2019huile, enti\u00e8rement [&hellip;]<\/p>\n","protected":false},"author":1,"featured_media":0,"parent":0,"menu_order":0,"comment_status":"closed","ping_status":"closed","template":"","meta":{"ocean_post_layout":"","ocean_both_sidebars_style":"","ocean_both_sidebars_content_width":0,"ocean_both_sidebars_sidebars_width":0,"ocean_sidebar":"","ocean_second_sidebar":"","ocean_disable_margins":"enable","ocean_add_body_class":"","ocean_shortcode_before_top_bar":"","ocean_shortcode_after_top_bar":"","ocean_shortcode_before_header":"","ocean_shortcode_after_header":"","ocean_has_shortcode":"","ocean_shortcode_after_title":"","ocean_shortcode_before_footer_widgets":"","ocean_shortcode_after_footer_widgets":"","ocean_shortcode_before_footer_bottom":"","ocean_shortcode_after_footer_bottom":"","ocean_display_top_bar":"default","ocean_display_header":"default","ocean_header_style":"","ocean_center_header_left_menu":"","ocean_custom_header_template":"","ocean_custom_logo":0,"ocean_custom_retina_logo":0,"ocean_custom_logo_max_width":0,"ocean_custom_logo_tablet_max_width":0,"ocean_custom_logo_mobile_max_width":0,"ocean_custom_logo_max_height":0,"ocean_custom_logo_tablet_max_height":0,"ocean_custom_logo_mobile_max_height":0,"ocean_header_custom_menu":"","ocean_menu_typo_font_family":"","ocean_menu_typo_font_subset":"","ocean_menu_typo_font_size":0,"ocean_menu_typo_font_size_tablet":0,"ocean_menu_typo_font_size_mobile":0,"ocean_menu_typo_font_size_unit":"px","ocean_menu_typo_font_weight":"","ocean_menu_typo_font_weight_tablet":"","ocean_menu_typo_font_weight_mobile":"","ocean_menu_typo_transform":"","ocean_menu_typo_transform_tablet":"","ocean_menu_typo_transform_mobile":"","ocean_menu_typo_line_height":0,"ocean_menu_typo_line_height_tablet":0,"ocean_menu_typo_line_height_mobile":0,"ocean_menu_typo_line_height_unit":"","ocean_menu_typo_spacing":0,"ocean_menu_typo_spacing_tablet":0,"ocean_menu_typo_spacing_mobile":0,"ocean_menu_typo_spacing_unit":"","ocean_menu_link_color":"","ocean_menu_link_color_hover":"","ocean_menu_link_color_active":"","ocean_menu_link_background":"","ocean_menu_link_hover_background":"","ocean_menu_link_active_background":"","ocean_menu_social_links_bg":"","ocean_menu_social_hover_links_bg":"","ocean_menu_social_links_color":"","ocean_menu_social_hover_links_color":"","ocean_disable_title":"default","ocean_disable_heading":"default","ocean_post_title":"","ocean_post_subheading":"","ocean_post_title_style":"","ocean_post_title_background_color":"","ocean_post_title_background":0,"ocean_post_title_bg_image_position":"","ocean_post_title_bg_image_attachment":"","ocean_post_title_bg_image_repeat":"","ocean_post_title_bg_image_size":"","ocean_post_title_height":0,"ocean_post_title_bg_overlay":0.5,"ocean_post_title_bg_overlay_color":"","ocean_disable_breadcrumbs":"default","ocean_breadcrumbs_color":"","ocean_breadcrumbs_separator_color":"","ocean_breadcrumbs_links_color":"","ocean_breadcrumbs_links_hover_color":"","ocean_display_footer_widgets":"default","ocean_display_footer_bottom":"default","ocean_custom_footer_template":"","footnotes":""},"class_list":["post-130","page","type-page","status-publish","hentry","entry","owp-thumbs-layout-horizontal","owp-btn-normal","owp-tabs-layout-horizontal","has-no-thumbnails","has-product-nav"],"_links":{"self":[{"href":"https:\/\/emiliearduini.fr\/index.php\/wp-json\/wp\/v2\/pages\/130","targetHints":{"allow":["GET"]}}],"collection":[{"href":"https:\/\/emiliearduini.fr\/index.php\/wp-json\/wp\/v2\/pages"}],"about":[{"href":"https:\/\/emiliearduini.fr\/index.php\/wp-json\/wp\/v2\/types\/page"}],"author":[{"embeddable":true,"href":"https:\/\/emiliearduini.fr\/index.php\/wp-json\/wp\/v2\/users\/1"}],"replies":[{"embeddable":true,"href":"https:\/\/emiliearduini.fr\/index.php\/wp-json\/wp\/v2\/comments?post=130"}],"version-history":[{"count":42,"href":"https:\/\/emiliearduini.fr\/index.php\/wp-json\/wp\/v2\/pages\/130\/revisions"}],"predecessor-version":[{"id":1091,"href":"https:\/\/emiliearduini.fr\/index.php\/wp-json\/wp\/v2\/pages\/130\/revisions\/1091"}],"wp:attachment":[{"href":"https:\/\/emiliearduini.fr\/index.php\/wp-json\/wp\/v2\/media?parent=130"}],"curies":[{"name":"wp","href":"https:\/\/api.w.org\/{rel}","templated":true}]}}