{"id":118,"date":"2024-04-24T13:04:39","date_gmt":"2024-04-24T11:04:39","guid":{"rendered":"https:\/\/emiliearduini.fr\/?page_id=118"},"modified":"2026-04-12T17:18:04","modified_gmt":"2026-04-12T15:18:04","slug":"massage-postnatal","status":"publish","type":"page","link":"https:\/\/emiliearduini.fr\/index.php\/massage-postnatal\/","title":{"rendered":"La m\u00e8re&#8217; veilleuse &#8211; Massage postnatal"},"content":{"rendered":"\t\t<div data-elementor-type=\"wp-page\" data-elementor-id=\"118\" class=\"elementor elementor-118\">\n\t\t\t\t<div class=\"elementor-element elementor-element-6558eab7 e-flex e-con-boxed e-con e-parent\" data-id=\"6558eab7\" data-element_type=\"container\">\n\t\t\t\t\t<div class=\"e-con-inner\">\n\t\t\t\t<div class=\"elementor-element elementor-element-13bcd93b elementor-widget elementor-widget-text-editor\" data-id=\"13bcd93b\" data-element_type=\"widget\" data-widget_type=\"text-editor.default\">\n\t\t\t\t<div class=\"elementor-widget-container\">\n\t\t\t<style>\/*! elementor - v3.21.0 - 30-04-2024 *\/\n.elementor-widget-text-editor.elementor-drop-cap-view-stacked .elementor-drop-cap{background-color:#69727d;color:#fff}.elementor-widget-text-editor.elementor-drop-cap-view-framed .elementor-drop-cap{color:#69727d;border:3px solid;background-color:transparent}.elementor-widget-text-editor:not(.elementor-drop-cap-view-default) .elementor-drop-cap{margin-top:8px}.elementor-widget-text-editor:not(.elementor-drop-cap-view-default) .elementor-drop-cap-letter{width:1em;height:1em}.elementor-widget-text-editor .elementor-drop-cap{float:left;text-align:center;line-height:1;font-size:50px}.elementor-widget-text-editor .elementor-drop-cap-letter{display:inline-block}<\/style>\t\t\t\t<h2 style=\"padding-left: 40px;\" data-start=\"279\" data-end=\"367\"><span style=\"color: #e8acac;\"><img fetchpriority=\"high\" decoding=\"async\" class=\"aligncenter wp-image-1101 size-large\" src=\"http:\/\/emiliearduini.fr\/wp-content\/uploads\/2026\/04\/DSC06193-1024x683.jpg\" alt=\"\" width=\"1024\" height=\"683\" srcset=\"https:\/\/emiliearduini.fr\/wp-content\/uploads\/2026\/04\/DSC06193-1024x683.jpg 1024w, https:\/\/emiliearduini.fr\/wp-content\/uploads\/2026\/04\/DSC06193-300x200.jpg 300w, https:\/\/emiliearduini.fr\/wp-content\/uploads\/2026\/04\/DSC06193-768x512.jpg 768w, https:\/\/emiliearduini.fr\/wp-content\/uploads\/2026\/04\/DSC06193-1536x1024.jpg 1536w, https:\/\/emiliearduini.fr\/wp-content\/uploads\/2026\/04\/DSC06193-2048x1366.jpg 2048w, https:\/\/emiliearduini.fr\/wp-content\/uploads\/2026\/04\/DSC06193-600x400.jpg 600w\" sizes=\"(max-width: 1024px) 100vw, 1024px\" \/>Massage postnatal \u2013 un temps de r\u00e9cup\u00e9ration et de douceur pour la maman (et b\u00e9b\u00e9)<\/span><\/h2><p style=\"padding-left: 40px;\" data-start=\"369\" data-end=\"534\"><span style=\"color: #997070;\">Le <strong data-start=\"372\" data-end=\"393\">massage postnatal<\/strong> est un soin pens\u00e9 pour accompagner la p\u00e9riode qui suit l\u2019accouchement, un temps souvent intense, \u00e0 la fois physiquement et \u00e9motionnellement.<\/span><\/p><p style=\"padding-left: 40px;\" data-start=\"536\" data-end=\"735\"><span style=\"color: #997070;\">Je vous propose un moment pour <strong data-start=\"567\" data-end=\"677\">prendre soin de votre corps, favoriser la r\u00e9cup\u00e9ration du post-partum et vous offrir une pause r\u00e9paratrice<\/strong>, tout en respectant votre rythme\u2026 et celui de votre b\u00e9b\u00e9.<\/span><\/p><p style=\"padding-left: 40px;\" data-start=\"737\" data-end=\"838\"><span style=\"color: #997070;\">Ce massage peut se vivre <strong data-start=\"762\" data-end=\"781\">avec votre b\u00e9b\u00e9<\/strong>, notamment en <strong data-start=\"796\" data-end=\"811\">peau \u00e0 peau<\/strong> s\u2019il en ressent le besoin.<\/span><\/p><hr style=\"padding-left: 40px;\" data-start=\"840\" data-end=\"843\" \/><h2 style=\"padding-left: 40px;\" data-start=\"845\" data-end=\"895\"><span style=\"color: #e8acac;\">Une approche douce et adapt\u00e9e au post-partum<\/span><\/h2><p style=\"padding-left: 40px;\" data-start=\"897\" data-end=\"1025\"><span style=\"color: #997070;\">Le massage postnatal peut \u00eatre r\u00e9alis\u00e9 <strong data-start=\"936\" data-end=\"980\">\u00e0 partir du 7\u1d49 jour apr\u00e8s l\u2019accouchement<\/strong>, en l\u2019absence de contre-indication m\u00e9dicale.<\/span><\/p><p style=\"padding-left: 40px;\" data-start=\"1027\" data-end=\"1256\"><span style=\"color: #997070;\">Plus le soin est re\u00e7u <strong data-start=\"1052\" data-end=\"1080\">proche de l\u2019accouchement<\/strong>, plus il favorise une r\u00e9cup\u00e9ration optimale.<\/span><br data-start=\"1125\" data-end=\"1128\" \/><span style=\"color: #997070;\">Il reste toutefois <strong data-start=\"1150\" data-end=\"1200\">tr\u00e8s b\u00e9n\u00e9fique m\u00eame \u00e0 distance de la naissance<\/strong>, que ce soit quelques semaines ou plusieurs mois apr\u00e8s.<\/span><\/p><p style=\"padding-left: 40px;\" data-start=\"1258\" data-end=\"1276\"><span style=\"color: #997070;\">Le soin comprend :<\/span><\/p><ul><li style=\"list-style-type: none;\"><ul><li style=\"list-style-type: none;\"><ul><li data-start=\"1279\" data-end=\"1339\"><span style=\"color: #997070;\">un <strong data-start=\"1282\" data-end=\"1300\">massage global<\/strong>, respectueux du corps en post-partum<\/span><\/li><li data-start=\"1342\" data-end=\"1430\"><span style=\"color: #997070;\">un <strong data-start=\"1345\" data-end=\"1369\">resserrage du bassin<\/strong>, pour soutenir le corps apr\u00e8s la grossesse et l\u2019accouchement<\/span><\/li><\/ul><\/li><\/ul><\/li><\/ul><hr style=\"padding-left: 40px;\" data-start=\"1432\" data-end=\"1435\" \/><h2 style=\"padding-left: 40px;\" data-start=\"1437\" data-end=\"1476\"><span style=\"color: #e8acac;\">Les bienfaits du massage postnatal<\/span><\/h2><p style=\"padding-left: 40px;\" data-start=\"1478\" data-end=\"1618\"><span style=\"color: #997070;\"><strong data-start=\"1481\" data-end=\"1531\">Favoriser la r\u00e9cup\u00e9ration apr\u00e8s l\u2019accouchement<\/strong><\/span><br data-start=\"1531\" data-end=\"1534\" \/><span style=\"color: #997070;\">Le massage aide le corps \u00e0 se r\u00e9approprier ses sensations et \u00e0 r\u00e9cup\u00e9rer en douceur.<\/span><\/p><p style=\"padding-left: 40px;\" data-start=\"1620\" data-end=\"1769\"><span style=\"color: #997070;\"><strong data-start=\"1623\" data-end=\"1660\">Soulager les tensions corporelles<\/strong><\/span><br data-start=\"1660\" data-end=\"1663\" \/><span style=\"color: #997070;\">Il permet de d\u00e9tendre les zones sollicit\u00e9es pendant la grossesse et l\u2019accouchement (dos, bassin, \u00e9paules).<\/span><\/p><p style=\"padding-left: 40px;\" data-start=\"1771\" data-end=\"1899\"><span style=\"color: #997070;\"><strong data-start=\"1774\" data-end=\"1810\">Soutenir le resserrage du bassin<\/strong><\/span><br data-start=\"1810\" data-end=\"1813\" \/><span style=\"color: #997070;\">Le serrage de bassin apporte une sensation de maintien, de stabilit\u00e9 et de recentrage.<\/span><\/p><p style=\"padding-left: 40px;\" data-start=\"1901\" data-end=\"2021\"><span style=\"color: #997070;\"><strong data-start=\"1904\" data-end=\"1941\">Apaiser le mental et les \u00e9motions<\/strong><\/span><br data-start=\"1941\" data-end=\"1944\" \/><span style=\"color: #997070;\">Le soin offre un espace pour rel\u00e2cher, souffler et d\u00e9poser ce qui a \u00e9t\u00e9 v\u00e9cu.<\/span><\/p><p style=\"padding-left: 40px;\" data-start=\"2023\" data-end=\"2179\"><span style=\"color: #997070;\"><strong data-start=\"2026\" data-end=\"2058\">Favoriser le lien maman-b\u00e9b\u00e9<\/strong><\/span><br data-start=\"2058\" data-end=\"2061\" \/><span style=\"color: #997070;\">La possibilit\u00e9 d\u2019accueillir b\u00e9b\u00e9 en peau \u00e0 peau permet de vivre ce moment sans s\u00e9paration, dans la continuit\u00e9 du lien.<\/span><\/p><hr style=\"padding-left: 40px;\" data-start=\"2181\" data-end=\"2184\" \/><h2 style=\"padding-left: 40px;\" data-start=\"2186\" data-end=\"2214\"><span style=\"color: #e8acac;\">Pour qui est ce soin ?<\/span><\/h2><p style=\"padding-left: 40px;\" data-start=\"2216\" data-end=\"2274\"><span style=\"color: #997070;\">Le massage postnatal s\u2019adresse aux mamans qui souhaitent :<\/span><\/p><ul><li style=\"list-style-type: none;\"><ul><li style=\"list-style-type: none;\"><ul><li data-start=\"2277\" data-end=\"2326\"><span style=\"color: #997070;\">soutenir leur r\u00e9cup\u00e9ration apr\u00e8s l\u2019accouchement<\/span><\/li><li data-start=\"2329\" data-end=\"2368\"><span style=\"color: #997070;\">s\u2019offrir un temps de pause et de soin<\/span><\/li><li data-start=\"2371\" data-end=\"2421\"><span style=\"color: #997070;\">soulager les tensions physiques et \u00e9motionnelles<\/span><\/li><li data-start=\"2424\" data-end=\"2475\"><span style=\"color: #997070;\">vivre un moment de douceur avec ou sans leur b\u00e9b\u00e9<\/span><\/li><\/ul><\/li><\/ul><\/li><\/ul><p style=\"padding-left: 40px;\" data-start=\"2477\" data-end=\"2551\"><span style=\"color: #997070;\">Le soin s\u2019adapte \u00e0 chaque situation, \u00e0 chaque naissance et \u00e0 chaque maman.<\/span><\/p><hr style=\"padding-left: 40px;\" data-start=\"2553\" data-end=\"2556\" \/><h2 style=\"padding-left: 40px;\" data-start=\"2558\" data-end=\"2589\"><span style=\"color: #e8acac;\">Une s\u00e9ance en pratique<\/span><\/h2><ul><li style=\"list-style-type: none;\"><ul><li style=\"list-style-type: none;\"><ul><li><span style=\"color: #997070;\">un <strong data-start=\"2596\" data-end=\"2615\">temps d\u2019\u00e9change<\/strong> pour accueillir vos besoins du moment<\/span><\/li><li><span style=\"color: #997070;\">une <strong data-start=\"2662\" data-end=\"2690\">installation confortable<\/strong>, adapt\u00e9e au post-partum<\/span><\/li><li><span style=\"color: #997070;\">un <strong data-start=\"2722\" data-end=\"2752\">massage \u00e0 l\u2019huile v\u00e9g\u00e9tale<\/strong>, respectueux de votre corps<\/span><\/li><li><span style=\"color: #997070;\">un <strong data-start=\"2788\" data-end=\"2812\">resserrage du bassin<\/strong> en fin de soin<\/span><\/li><li><span style=\"color: #997070;\">un <strong data-start=\"2835\" data-end=\"2863\">temps de retour au calme<\/strong>, sans pr\u00e9cipitation<\/span><\/li><\/ul><\/li><\/ul><\/li><\/ul><p style=\"padding-left: 40px;\" data-start=\"2887\" data-end=\"2914\"><span style=\"color: #e8acac;\"><strong data-start=\"2890\" data-end=\"2914\">Dur\u00e9e du soin : 1h15<\/strong><\/span><\/p><p style=\"padding-left: 40px;\" data-start=\"2916\" data-end=\"3043\"><em><span style=\"color: #997070;\">Votre b\u00e9b\u00e9 peut \u00eatre pr\u00e9sent pendant la s\u00e9ance et \u00eatre accueilli selon ses besoins (peau \u00e0 peau, pause, allaitement, biberon\u2026).<\/span><\/em><\/p><hr style=\"padding-left: 40px;\" data-start=\"3045\" data-end=\"3048\" \/><h2 style=\"padding-left: 40px;\" data-start=\"3050\" data-end=\"3074\"><span style=\"color: #e8acac;\">Contre-indications<\/span><\/h2><p style=\"padding-left: 40px;\" data-start=\"3076\" data-end=\"3169\"><span style=\"color: #997070;\">Par pr\u00e9caution, le massage postnatal est <strong data-start=\"3117\" data-end=\"3157\">d\u00e9conseill\u00e9 ou soumis \u00e0 avis m\u00e9dical<\/strong> en cas de :<\/span><\/p><ul><li style=\"list-style-type: none;\"><ul><li style=\"list-style-type: none;\"><ul><li data-start=\"3172\" data-end=\"3202\"><span style=\"color: #997070;\">fi\u00e8vre ou infection en cours<\/span><\/li><li data-start=\"3205\" data-end=\"3229\"><span style=\"color: #997070;\">h\u00e9morragie post-partum<\/span><\/li><li data-start=\"3232\" data-end=\"3264\"><span style=\"color: #997070;\">phl\u00e9bite ou thrombose veineuse<\/span><\/li><li data-start=\"3267\" data-end=\"3323\"><span style=\"color: #997070;\">plaie de c\u00e9sarienne non cicatris\u00e9e ou complication post-accouchement<\/span><\/li><li data-start=\"3326\" data-end=\"3365\"><span style=\"color: #997070;\">contre-indication m\u00e9dicale sp\u00e9cifique<\/span><\/li><\/ul><\/li><\/ul><\/li><\/ul><p style=\"padding-left: 40px;\" data-start=\"3367\" data-end=\"3456\"><span style=\"color: #997070;\">En cas de doute, un <strong data-start=\"3387\" data-end=\"3403\">avis m\u00e9dical<\/strong> pourra \u00eatre demand\u00e9 afin de garantir un soin adapt\u00e9.<\/span><\/p><hr style=\"padding-left: 40px;\" data-start=\"3458\" data-end=\"3461\" \/><h2 style=\"padding-left: 40px;\" data-start=\"3463\" data-end=\"3495\"><span style=\"color: #e8acac;\">Tarif du massage postnatal<\/span><\/h2><p style=\"padding-left: 40px;\" data-start=\"3497\" data-end=\"3542\"><span style=\"color: #997070;\"><strong data-start=\"3500\" data-end=\"3528\">Massage postnatal \u2013 1h15<\/strong><\/span><span style=\"color: #997070;\"><strong>\/<\/strong><strong data-start=\"3534\" data-end=\"3542\">80 \u20ac<\/strong><\/span><\/p><p style=\"padding-left: 40px;\" data-start=\"3544\" data-end=\"3561\"><span style=\"color: #997070;\">Ce tarif inclut :<\/span><\/p><ul><li style=\"list-style-type: none;\"><ul><li style=\"list-style-type: none;\"><ul><li data-start=\"3564\" data-end=\"3576\"><span style=\"color: #997070;\">le massage<\/span><\/li><li data-start=\"3579\" data-end=\"3601\"><span style=\"color: #997070;\">le serrage de bassin<\/span><\/li><li data-start=\"3604\" data-end=\"3671\"><span style=\"color: #997070;\">l\u2019adaptation du soin \u00e0 votre post-partum et \u00e0 la pr\u00e9sence de b\u00e9b\u00e9<\/span><\/li><\/ul><\/li><\/ul><\/li><\/ul><hr style=\"padding-left: 40px;\" data-start=\"3673\" data-end=\"3676\" \/><h2 style=\"padding-left: 40px;\" data-start=\"3678\" data-end=\"3733\"><span style=\"color: #e8acac;\">Massage postnatal \u00e0 domicile \u2013 Bretagne (22 \/ 35)<\/span><\/h2><p style=\"padding-left: 40px;\" data-start=\"3735\" data-end=\"3853\"><span style=\"color: #997070;\">J\u2019interviens <strong data-start=\"3748\" data-end=\"3780\">directement \u00e0 votre domicile<\/strong>, pour vous permettre de recevoir ce soin sans contrainte de d\u00e9placement.<\/span><\/p><p style=\"padding-left: 40px;\" data-start=\"3855\" data-end=\"3936\"><strong><span style=\"color: #e8acac;\">Secteurs d\u2019intervention :<\/span><\/strong><br data-start=\"3883\" data-end=\"3886\" \/><span style=\"color: #997070;\"><strong data-start=\"3886\" data-end=\"3908\">C\u00f4tes-d\u2019Armor (22)<\/strong> et <strong data-start=\"3912\" data-end=\"3936\">Ille-et-Vilaine (35), Beaussais-sur-Mer jusqu&#8217;\u00e0 20 km aux alentours.<\/strong><\/span><\/p><h2 style=\"padding-left: 40px;\"><a href=\"https:\/\/emilie-arduini2.reservio.com\/services\">R\u00e9servation du soin : https:\/\/emilie-arduini2.reservio.com\/services<\/a><\/h2>\t\t\t\t\t\t<\/div>\n\t\t\t\t<\/div>\n\t\t\t\t\t<\/div>\n\t\t\t\t<\/div>\n\t\t<div class=\"elementor-element elementor-element-c6d39f0 e-grid e-con-boxed e-con e-parent\" data-id=\"c6d39f0\" data-element_type=\"container\">\n\t\t\t\t\t<div class=\"e-con-inner\">\n\t\t\t\t<div class=\"elementor-element elementor-element-e4ae60c elementor-widget elementor-widget-image\" data-id=\"e4ae60c\" data-element_type=\"widget\" data-widget_type=\"image.default\">\n\t\t\t\t<div class=\"elementor-widget-container\">\n\t\t\t<style>\/*! elementor - v3.21.0 - 30-04-2024 *\/\n.elementor-widget-image{text-align:center}.elementor-widget-image a{display:inline-block}.elementor-widget-image a img[src$=\".svg\"]{width:48px}.elementor-widget-image img{vertical-align:middle;display:inline-block}<\/style>\t\t\t\t\t\t\t\t\t\t<img decoding=\"async\" width=\"683\" height=\"1024\" src=\"https:\/\/emiliearduini.fr\/wp-content\/uploads\/2026\/04\/DSC06013-683x1024.jpg\" class=\"attachment-large size-large wp-image-1104\" alt=\"\" srcset=\"https:\/\/emiliearduini.fr\/wp-content\/uploads\/2026\/04\/DSC06013-683x1024.jpg 683w, https:\/\/emiliearduini.fr\/wp-content\/uploads\/2026\/04\/DSC06013-200x300.jpg 200w, https:\/\/emiliearduini.fr\/wp-content\/uploads\/2026\/04\/DSC06013-768x1152.jpg 768w, https:\/\/emiliearduini.fr\/wp-content\/uploads\/2026\/04\/DSC06013-1024x1536.jpg 1024w, https:\/\/emiliearduini.fr\/wp-content\/uploads\/2026\/04\/DSC06013-1366x2048.jpg 1366w, https:\/\/emiliearduini.fr\/wp-content\/uploads\/2026\/04\/DSC06013-600x900.jpg 600w, https:\/\/emiliearduini.fr\/wp-content\/uploads\/2026\/04\/DSC06013-scaled.jpg 1707w\" sizes=\"(max-width: 683px) 100vw, 683px\" \/>\t\t\t\t\t\t\t\t\t\t\t\t\t<\/div>\n\t\t\t\t<\/div>\n\t\t\t\t<div class=\"elementor-element elementor-element-eb94712 elementor-widget elementor-widget-image\" data-id=\"eb94712\" data-element_type=\"widget\" data-widget_type=\"image.default\">\n\t\t\t\t<div class=\"elementor-widget-container\">\n\t\t\t\t\t\t\t\t\t\t\t\t\t<img decoding=\"async\" width=\"683\" height=\"1024\" src=\"https:\/\/emiliearduini.fr\/wp-content\/uploads\/2026\/04\/DSC062761-683x1024.jpg\" class=\"attachment-large size-large wp-image-1103\" alt=\"\" srcset=\"https:\/\/emiliearduini.fr\/wp-content\/uploads\/2026\/04\/DSC062761-683x1024.jpg 683w, https:\/\/emiliearduini.fr\/wp-content\/uploads\/2026\/04\/DSC062761-200x300.jpg 200w, https:\/\/emiliearduini.fr\/wp-content\/uploads\/2026\/04\/DSC062761-768x1152.jpg 768w, https:\/\/emiliearduini.fr\/wp-content\/uploads\/2026\/04\/DSC062761-1024x1536.jpg 1024w, https:\/\/emiliearduini.fr\/wp-content\/uploads\/2026\/04\/DSC062761-1366x2048.jpg 1366w, https:\/\/emiliearduini.fr\/wp-content\/uploads\/2026\/04\/DSC062761-600x900.jpg 600w, https:\/\/emiliearduini.fr\/wp-content\/uploads\/2026\/04\/DSC062761-scaled.jpg 1707w\" sizes=\"(max-width: 683px) 100vw, 683px\" \/>\t\t\t\t\t\t\t\t\t\t\t\t\t<\/div>\n\t\t\t\t<\/div>\n\t\t\t\t\t<\/div>\n\t\t\t\t<\/div>\n\t\t\t\t<\/div>\n\t\t","protected":false},"excerpt":{"rendered":"<p>Massage postnatal \u2013 un temps de r\u00e9cup\u00e9ration et de douceur pour la maman (et b\u00e9b\u00e9) Le massage postnatal est un soin pens\u00e9 pour accompagner la p\u00e9riode qui suit l\u2019accouchement, un temps souvent intense, \u00e0 la fois physiquement et \u00e9motionnellement. Je vous propose un moment pour prendre soin de votre corps, favoriser la r\u00e9cup\u00e9ration du post-partum [&hellip;]<\/p>\n","protected":false},"author":1,"featured_media":0,"parent":0,"menu_order":0,"comment_status":"closed","ping_status":"closed","template":"","meta":{"ocean_post_layout":"","ocean_both_sidebars_style":"","ocean_both_sidebars_content_width":0,"ocean_both_sidebars_sidebars_width":0,"ocean_sidebar":"","ocean_second_sidebar":"","ocean_disable_margins":"enable","ocean_add_body_class":"","ocean_shortcode_before_top_bar":"","ocean_shortcode_after_top_bar":"","ocean_shortcode_before_header":"","ocean_shortcode_after_header":"","ocean_has_shortcode":"","ocean_shortcode_after_title":"","ocean_shortcode_before_footer_widgets":"","ocean_shortcode_after_footer_widgets":"","ocean_shortcode_before_footer_bottom":"","ocean_shortcode_after_footer_bottom":"","ocean_display_top_bar":"default","ocean_display_header":"default","ocean_header_style":"","ocean_center_header_left_menu":"","ocean_custom_header_template":"","ocean_custom_logo":0,"ocean_custom_retina_logo":0,"ocean_custom_logo_max_width":0,"ocean_custom_logo_tablet_max_width":0,"ocean_custom_logo_mobile_max_width":0,"ocean_custom_logo_max_height":0,"ocean_custom_logo_tablet_max_height":0,"ocean_custom_logo_mobile_max_height":0,"ocean_header_custom_menu":"","ocean_menu_typo_font_family":"","ocean_menu_typo_font_subset":"","ocean_menu_typo_font_size":0,"ocean_menu_typo_font_size_tablet":0,"ocean_menu_typo_font_size_mobile":0,"ocean_menu_typo_font_size_unit":"px","ocean_menu_typo_font_weight":"","ocean_menu_typo_font_weight_tablet":"","ocean_menu_typo_font_weight_mobile":"","ocean_menu_typo_transform":"","ocean_menu_typo_transform_tablet":"","ocean_menu_typo_transform_mobile":"","ocean_menu_typo_line_height":0,"ocean_menu_typo_line_height_tablet":0,"ocean_menu_typo_line_height_mobile":0,"ocean_menu_typo_line_height_unit":"","ocean_menu_typo_spacing":0,"ocean_menu_typo_spacing_tablet":0,"ocean_menu_typo_spacing_mobile":0,"ocean_menu_typo_spacing_unit":"","ocean_menu_link_color":"","ocean_menu_link_color_hover":"","ocean_menu_link_color_active":"","ocean_menu_link_background":"","ocean_menu_link_hover_background":"","ocean_menu_link_active_background":"","ocean_menu_social_links_bg":"","ocean_menu_social_hover_links_bg":"","ocean_menu_social_links_color":"","ocean_menu_social_hover_links_color":"","ocean_disable_title":"default","ocean_disable_heading":"default","ocean_post_title":"","ocean_post_subheading":"","ocean_post_title_style":"","ocean_post_title_background_color":"","ocean_post_title_background":0,"ocean_post_title_bg_image_position":"","ocean_post_title_bg_image_attachment":"","ocean_post_title_bg_image_repeat":"","ocean_post_title_bg_image_size":"","ocean_post_title_height":0,"ocean_post_title_bg_overlay":0.5,"ocean_post_title_bg_overlay_color":"","ocean_disable_breadcrumbs":"default","ocean_breadcrumbs_color":"","ocean_breadcrumbs_separator_color":"","ocean_breadcrumbs_links_color":"","ocean_breadcrumbs_links_hover_color":"","ocean_display_footer_widgets":"default","ocean_display_footer_bottom":"default","ocean_custom_footer_template":"","footnotes":""},"class_list":["post-118","page","type-page","status-publish","hentry","entry","owp-thumbs-layout-horizontal","owp-btn-normal","owp-tabs-layout-horizontal","has-no-thumbnails","has-product-nav"],"_links":{"self":[{"href":"https:\/\/emiliearduini.fr\/index.php\/wp-json\/wp\/v2\/pages\/118","targetHints":{"allow":["GET"]}}],"collection":[{"href":"https:\/\/emiliearduini.fr\/index.php\/wp-json\/wp\/v2\/pages"}],"about":[{"href":"https:\/\/emiliearduini.fr\/index.php\/wp-json\/wp\/v2\/types\/page"}],"author":[{"embeddable":true,"href":"https:\/\/emiliearduini.fr\/index.php\/wp-json\/wp\/v2\/users\/1"}],"replies":[{"embeddable":true,"href":"https:\/\/emiliearduini.fr\/index.php\/wp-json\/wp\/v2\/comments?post=118"}],"version-history":[{"count":35,"href":"https:\/\/emiliearduini.fr\/index.php\/wp-json\/wp\/v2\/pages\/118\/revisions"}],"predecessor-version":[{"id":1107,"href":"https:\/\/emiliearduini.fr\/index.php\/wp-json\/wp\/v2\/pages\/118\/revisions\/1107"}],"wp:attachment":[{"href":"https:\/\/emiliearduini.fr\/index.php\/wp-json\/wp\/v2\/media?parent=118"}],"curies":[{"name":"wp","href":"https:\/\/api.w.org\/{rel}","templated":true}]}}